{"id":284,"date":"2024-12-25T06:41:16","date_gmt":"2024-12-25T06:41:16","guid":{"rendered":"https:\/\/smartbitboost.site\/?page_id=284"},"modified":"2025-02-11T11:37:32","modified_gmt":"2025-02-11T11:37:32","slug":"sobre-nos","status":"publish","type":"page","link":"https:\/\/bitcointbankbreaker.pro\/pt\/about-us\/","title":{"rendered":"Sobre n\u00f3s"},"content":{"rendered":"<div data-elementor-type=\"wp-page\" data-elementor-id=\"284\" class=\"elementor elementor-284\" data-elementor-post-type=\"page\">\n\t\t\t\t\t\t<section class=\"elementor-section elementor-top-section elementor-element elementor-element-77f58092 elementor-section-boxed elementor-section-height-default elementor-section-height-default\" data-id=\"77f58092\" data-element_type=\"section\" data-e-type=\"section\" data-settings=\"{&quot;background_background&quot;:&quot;classic&quot;}\">\n\t\t\t\t\t\t<div class=\"elementor-container elementor-column-gap-default\">\n\t\t\t\t\t<div class=\"elementor-column elementor-col-100 elementor-top-column elementor-element elementor-element-116b6bcb\" data-id=\"116b6bcb\" data-element_type=\"column\" data-e-type=\"column\">\n\t\t\t<div class=\"elementor-widget-wrap elementor-element-populated\">\n\t\t\t\t\t\t<div class=\"elementor-element elementor-element-9e9c938 elementor-widget elementor-widget-text-editor\" data-id=\"9e9c938\" data-element_type=\"widget\" data-e-type=\"widget\" data-widget_type=\"text-editor.default\">\n\t\t\t\t\t\t\t\t\t<p>Bem-vindo ao Bitcoin-Bank-Breaker, a plataforma de ponta para negocia\u00e7\u00e3o automatizada. Nosso sistema alimentado por IA foi projetado para ajudar voc\u00ea a maximizar seus lucros enquanto minimiza seus riscos. Com uma equipe de traders e desenvolvedores experientes, constru\u00edmos uma plataforma que combina a mais recente tecnologia com an\u00e1lise e estrat\u00e9gia de especialistas. Estamos dedicados a fornecer aos nossos usu\u00e1rios a melhor experi\u00eancia de negocia\u00e7\u00e3o poss\u00edvel e ajud\u00e1-los a atingir seus objetivos de investimento. Junte-se a n\u00f3s hoje e comece a negociar como um profissional com o Bitcoin Bank Breaker.<\/p>\t\t\t\t\t\t\t\t<\/div>\n\t\t\t\t\t<\/div>\n\t\t<\/div>\n\t\t\t\t\t<\/div>\n\t\t<\/section>\n\t\t\t\t<section class=\"elementor-section elementor-top-section elementor-element elementor-element-500db96 elementor-section-content-middle elementor-section-boxed elementor-section-height-default elementor-section-height-default\" data-id=\"500db96\" data-element_type=\"section\" data-e-type=\"section\" data-settings=\"{&quot;background_background&quot;:&quot;classic&quot;}\">\n\t\t\t\t\t\t<div class=\"elementor-container elementor-column-gap-custom\">\n\t\t\t\t\t<div class=\"elementor-column elementor-col-100 elementor-top-column elementor-element elementor-element-f9eaf49\" data-id=\"f9eaf49\" data-element_type=\"column\" data-e-type=\"column\" data-settings=\"{&quot;background_background&quot;:&quot;gradient&quot;}\">\n\t\t\t<div class=\"elementor-widget-wrap elementor-element-populated\">\n\t\t\t\t\t\t<div class=\"elementor-element elementor-element-7cfb8e0 elementor-widget elementor-widget-heading\" data-id=\"7cfb8e0\" data-element_type=\"widget\" data-e-type=\"widget\" data-widget_type=\"heading.default\">\n\t\t\t\t\t<h2 class=\"elementor-heading-title elementor-size-default\">Nossos Valores<\/h2>\t\t\t\t<\/div>\n\t\t\t\t<div class=\"elementor-element elementor-element-1eb0230 elementor-widget elementor-widget-text-editor\" data-id=\"1eb0230\" data-element_type=\"widget\" data-e-type=\"widget\" data-widget_type=\"text-editor.default\">\n\t\t\t\t\t\t\t\t\t<p>No Bitcoin Bank Breaker, nossos valores essenciais est\u00e3o enraizados na integridade, acessibilidade, educa\u00e7\u00e3o, comunidade e inova\u00e7\u00e3o. Acreditamos que, ao priorizar esses valores, podemos criar uma plataforma que capacita traders e investidores a atingir seus objetivos financeiros com confian\u00e7a. Com um compromisso com a excel\u00eancia em tudo o que fazemos, estamos constantemente nos esfor\u00e7ando para melhorar e inovar, permanecendo \u00e0 frente da curva no mundo em constante mudan\u00e7a do trading. Junte-se a n\u00f3s hoje e experimente a diferen\u00e7a que nossos valores fazem.<\/p>\t\t\t\t\t\t\t\t<\/div>\n\t\t\t\t\t<\/div>\n\t\t<\/div>\n\t\t\t\t\t<\/div>\n\t\t<\/section>\n\t\t\t\t<section class=\"elementor-section elementor-top-section elementor-element elementor-element-a8b63b7 elementor-section-content-middle elementor-section-boxed elementor-section-height-default elementor-section-height-default\" data-id=\"a8b63b7\" data-element_type=\"section\" data-e-type=\"section\" data-settings=\"{&quot;background_background&quot;:&quot;classic&quot;}\">\n\t\t\t\t\t\t<div class=\"elementor-container elementor-column-gap-custom\">\n\t\t\t\t\t<div class=\"elementor-column elementor-col-100 elementor-top-column elementor-element elementor-element-ca36a43\" data-id=\"ca36a43\" data-element_type=\"column\" data-e-type=\"column\" data-settings=\"{&quot;background_background&quot;:&quot;gradient&quot;}\">\n\t\t\t<div class=\"elementor-widget-wrap elementor-element-populated\">\n\t\t\t\t\t\t<div class=\"elementor-element elementor-element-4535c7b elementor-widget elementor-widget-heading\" data-id=\"4535c7b\" data-element_type=\"widget\" data-e-type=\"widget\" data-widget_type=\"heading.default\">\n\t\t\t\t\t<h2 class=\"elementor-heading-title elementor-size-default\">Nossa Miss\u00e3o<\/h2>\t\t\t\t<\/div>\n\t\t\t\t<div class=\"elementor-element elementor-element-8cf2600 elementor-widget elementor-widget-text-editor\" data-id=\"8cf2600\" data-element_type=\"widget\" data-e-type=\"widget\" data-widget_type=\"text-editor.default\">\n\t\t\t\t\t\t\t\t\t<p>Nossa miss\u00e3o \u00e9 capacitar indiv\u00edduos a assumir o controle de seu futuro financeiro, fornecendo acesso aos mercados financeiros do mundo por meio de uma plataforma de negocia\u00e7\u00e3o inovadora e amig\u00e1vel ao usu\u00e1rio. N\u00f3s nos esfor\u00e7amos para criar uma comunidade inclusiva e diversa de traders e investidores que podem se beneficiar de nossas ferramentas, educa\u00e7\u00e3o e recursos.<\/p>\t\t\t\t\t\t\t\t<\/div>\n\t\t\t\t\t<\/div>\n\t\t<\/div>\n\t\t\t\t\t<\/div>\n\t\t<\/section>\n\t\t\t\t<\/div>","protected":false},"excerpt":{"rendered":"<p>Welcome to Bitcoin-Bank-Breaker the cutting-edge platform for automated trading. Our AI-powered system is designed to help you maximize your profits while minimizing your risks. With a team of experienced traders and developers, we\u2019ve built a platform that combines the latest technology with expert analysis and strategy. We\u2019re dedicated to providing our users with the best [&hellip;]<\/p>\n","protected":false},"author":1,"featured_media":0,"parent":0,"menu_order":0,"comment_status":"closed","ping_status":"closed","template":"elementor_header_footer","meta":{"nf_dc_page":"","footnotes":""},"class_list":["post-284","page","type-page","status-publish","hentry"],"_links":{"self":[{"href":"https:\/\/bitcointbankbreaker.pro\/pt\/wp-json\/wp\/v2\/pages\/284","targetHints":{"allow":["GET"]}}],"collection":[{"href":"https:\/\/bitcointbankbreaker.pro\/pt\/wp-json\/wp\/v2\/pages"}],"about":[{"href":"https:\/\/bitcointbankbreaker.pro\/pt\/wp-json\/wp\/v2\/types\/page"}],"author":[{"embeddable":true,"href":"https:\/\/bitcointbankbreaker.pro\/pt\/wp-json\/wp\/v2\/users\/1"}],"replies":[{"embeddable":true,"href":"https:\/\/bitcointbankbreaker.pro\/pt\/wp-json\/wp\/v2\/comments?post=284"}],"version-history":[{"count":0,"href":"https:\/\/bitcointbankbreaker.pro\/pt\/wp-json\/wp\/v2\/pages\/284\/revisions"}],"wp:attachment":[{"href":"https:\/\/bitcointbankbreaker.pro\/pt\/wp-json\/wp\/v2\/media?parent=284"}],"curies":[{"name":"wp","href":"https:\/\/api.w.org\/{rel}","templated":true}]}}