{"id":250,"date":"2024-12-25T06:27:05","date_gmt":"2024-12-25T06:27:05","guid":{"rendered":"https:\/\/smartbitboost.site\/?page_id=250"},"modified":"2025-12-25T07:50:10","modified_gmt":"2025-12-25T07:50:10","slug":"termos-e-condicoes","status":"publish","type":"page","link":"https:\/\/bitcointbankbreaker.pro\/pt\/terms-conditions\/","title":{"rendered":"Termos e Condi\u00e7\u00f5es"},"content":{"rendered":"<div data-elementor-type=\"wp-page\" data-elementor-id=\"250\" class=\"elementor elementor-250\" data-elementor-post-type=\"page\">\n\t\t\t\t\t\t<section class=\"elementor-section elementor-top-section elementor-element elementor-element-19a7fc52 elementor-section-boxed elementor-section-height-default elementor-section-height-default\" data-id=\"19a7fc52\" data-element_type=\"section\" data-e-type=\"section\" data-settings=\"{&quot;background_background&quot;:&quot;classic&quot;}\">\n\t\t\t\t\t\t<div class=\"elementor-container elementor-column-gap-default\">\n\t\t\t\t\t<div class=\"elementor-column elementor-col-100 elementor-top-column elementor-element elementor-element-2835a395\" data-id=\"2835a395\" data-element_type=\"column\" data-e-type=\"column\">\n\t\t\t<div class=\"elementor-widget-wrap elementor-element-populated\">\n\t\t\t\t\t\t\t<\/div>\n\t\t<\/div>\n\t\t\t\t\t<\/div>\n\t\t<\/section>\n\t\t\t\t<section class=\"elementor-section elementor-top-section elementor-element elementor-element-15b273d4 elementor-section-boxed elementor-section-height-default elementor-section-height-default\" data-id=\"15b273d4\" data-element_type=\"section\" data-e-type=\"section\">\n\t\t\t\t\t\t<div class=\"elementor-container elementor-column-gap-default\">\n\t\t\t\t\t<div class=\"elementor-column elementor-col-100 elementor-top-column elementor-element elementor-element-47634584\" data-id=\"47634584\" data-element_type=\"column\" data-e-type=\"column\">\n\t\t\t<div class=\"elementor-widget-wrap elementor-element-populated\">\n\t\t\t\t\t\t<div class=\"elementor-element elementor-element-6141f363 elementor-drop-cap-yes elementor-drop-cap-view-default elementor-widget elementor-widget-text-editor\" data-id=\"6141f363\" data-element_type=\"widget\" data-e-type=\"widget\" data-settings=\"{&quot;drop_cap&quot;:&quot;yes&quot;}\" data-widget_type=\"text-editor.default\">\n\t\t\t\t\t\t\t\t\t<p>Bem-vindo ao <a href=\"https:\/\/bitcointbankbreaker.pro\/pt\/\"><strong>Bitcoin Bank Breaker<\/strong><\/a>, seu principal destino para sinais de negocia\u00e7\u00e3o de rob\u00f4s automatizados. Ao usar nossos servi\u00e7os, voc\u00ea concorda em estar vinculado aos seguintes Termos e Condi\u00e7\u00f5es. Leia-os cuidadosamente antes de prosseguir com quaisquer transa\u00e7\u00f5es ou assinaturas.<\/p><p>Ao acessar ou usar <strong>Bitcoin Bank Breaker<\/strong>, voc\u00ea reconhece que leu, entendeu e concorda em cumprir estes Termos e Condi\u00e7\u00f5es. Se voc\u00ea n\u00e3o concordar com qualquer parte destes termos, voc\u00ea n\u00e3o deve usar nossos servi\u00e7os.<\/p><p><strong>Bitcoin Bank Breaker<\/strong> fornece rob\u00f4s de negocia\u00e7\u00e3o on-line para v\u00e1rios mercados financeiros. Nossos algoritmos propriet\u00e1rios geram sinais de negocia\u00e7\u00e3o com base na an\u00e1lise de mercado. No entanto, observe que o desempenho passado n\u00e3o garante resultados futuros, e a negocia\u00e7\u00e3o envolve riscos.<\/p><p>Voc\u00ea deve ter pelo menos 18 anos e ser legalmente eleg\u00edvel para celebrar contratos para usar nossos servi\u00e7os. Ao acessar <strong>Bitcoin Bank Breaker<\/strong>, voc\u00ea confirma que atende a esses requisitos e \u00e9 respons\u00e1vel por cumprir todas as leis e regulamentos aplic\u00e1veis \u200b\u200bem sua jurisdi\u00e7\u00e3o.<\/p><p>Para acessar nossos sinais de negocia\u00e7\u00e3o de rob\u00f4s, voc\u00ea pode ser obrigado a assinar um de nossos planos de servi\u00e7o. As taxas de assinatura ser\u00e3o claramente indicadas em nosso site, e voc\u00ea concorda em pagar as taxas especificadas pela dura\u00e7\u00e3o escolhida. Os pagamentos n\u00e3o s\u00e3o reembols\u00e1veis, e voc\u00ea \u00e9 respons\u00e1vel por quaisquer impostos ou encargos incorridos em conex\u00e3o com as transa\u00e7\u00f5es.<\/p><p>Negociar envolve risco financeiro e, embora nosso rob\u00f4 tenha como objetivo fornecer informa\u00e7\u00f5es precisas, n\u00e3o podemos garantir lucros ou evitar perdas. Voc\u00ea reconhece que \u00e9 o \u00fanico respons\u00e1vel pelos resultados de suas decis\u00f5es de negocia\u00e7\u00e3o e quaisquer consequ\u00eancias financeiras resultantes do uso de nossos servi\u00e7os. <strong>Bitcoin Bank Breaker<\/strong>, suas afiliadas e funcion\u00e1rios n\u00e3o ser\u00e3o responsabilizados por quaisquer perdas incorridas durante o uso de nossos servi\u00e7os.<\/p><p>Os sinais fornecidos por <strong>Bitcoin Bank Breaker<\/strong> s\u00e3o para seu uso pessoal somente. Voc\u00ea est\u00e1 estritamente proibido de redistribuir, revender ou explorar comercialmente nossos sinais sem o consentimento pr\u00e9vio por escrito de <strong>Bitcoin Bank Breaker<\/strong>.<\/p><p>Voc\u00ea concorda em usar nossos servi\u00e7os em conformidade com todas as leis e regulamentos aplic\u00e1veis. Voc\u00ea n\u00e3o deve se envolver em nenhuma atividade que possa interromper, danificar ou prejudicar a funcionalidade de <strong>Bitcoin Bank Breaker<\/strong>\u00a0ou seus servi\u00e7os associados.<\/p><p>Todo o conte\u00fado, incluindo, mas n\u00e3o se limitando a logotipos, marcas registradas, textos, imagens e software usados \u200b\u200bem <strong>Bitcoin Bank Breaker<\/strong>, est\u00e1 protegido pelas leis de propriedade intelectual e \u00e9 propriedade exclusiva de <strong>Bitcoin Bank Breaker<\/strong>\u00a0ou seus licenciadores. Voc\u00ea n\u00e3o pode usar, reproduzir, modificar ou distribuir qualquer conte\u00fado sem nosso consentimento expresso por escrito.<\/p><p><strong>Bitcoin Bank Breaker<\/strong> reserva-se o direito de suspender ou encerrar seu acesso aos nossos servi\u00e7os a qualquer momento e por qualquer motivo, incluindo suspeita de viola\u00e7\u00e3o destes Termos e Condi\u00e7\u00f5es ou envolvimento em atividades fraudulentas.<\/p><p><strong>Bitcoin Bank Breaker<\/strong>\u00a0pode atualizar ou modificar estes Termos e Condi\u00e7\u00f5es a qualquer momento sem aviso pr\u00e9vio. Ao continuar a usar nossos servi\u00e7os ap\u00f3s tais altera\u00e7\u00f5es, voc\u00ea concorda em ficar vinculado aos Termos e Condi\u00e7\u00f5es atualizados.<\/p><p>Sua privacidade \u00e9 importante para n\u00f3s. Por favor, consulte nossa Pol\u00edtica de Privacidade para entender como coletamos, usamos e protegemos suas informa\u00e7\u00f5es pessoais.<\/p><p>Estes Termos e Condi\u00e7\u00f5es ser\u00e3o regidos e interpretados de acordo com as leis, sem considera\u00e7\u00e3o aos seus princ\u00edpios de conflito de leis. Quaisquer disputas decorrentes ou relacionadas a estes termos estar\u00e3o sujeitas \u00e0 jurisdi\u00e7\u00e3o exclusiva dos tribunais.<\/p><p>O rob\u00f4 de algoritmo de negocia\u00e7\u00e3o requer o software de negocia\u00e7\u00e3o Meta Trader 5 e um servi\u00e7o de corretora para executar ordens de compra e venda e fornecer liquidez quando necess\u00e1rio.<\/p><p>O cliente deve ler e aceitar os termos e condi\u00e7\u00f5es da corretora.<\/p><p>Ao usar <strong>Bitcoin Bank Breaker<\/strong>, voc\u00ea concorda com estes Termos e Condi\u00e7\u00f5es, e estamos ansiosos para lhe fornecer um servi\u00e7o de negocia\u00e7\u00e3o de rob\u00f4s. Se voc\u00ea tiver alguma d\u00favida ou preocupa\u00e7\u00e3o, entre em contato com nossa equipe de suporte ao cliente em <a href=\"mailto:support@bitcoinbankbreaker.pro\"><strong>support@bitcoinbankbreaker.pro<\/strong><\/a><\/p>\t\t\t\t\t\t\t\t<\/div>\n\t\t\t\t\t<\/div>\n\t\t<\/div>\n\t\t\t\t\t<\/div>\n\t\t<\/section>\n\t\t\t\t<\/div>","protected":false},"excerpt":{"rendered":"<p>Welcome to Bitcoin Bank Breaker, your premier destination for automated robot trading signals. By using our services, you agree to be bound by the following Terms and Conditions. Please read them carefully before proceeding with any transactions or subscriptions. By accessing or using Bitcoin Bank Breaker, you acknowledge that you have read, understood, and agree [&hellip;]<\/p>\n","protected":false},"author":1,"featured_media":0,"parent":0,"menu_order":0,"comment_status":"closed","ping_status":"closed","template":"elementor_header_footer","meta":{"nf_dc_page":"","footnotes":""},"class_list":["post-250","page","type-page","status-publish","hentry"],"_links":{"self":[{"href":"https:\/\/bitcointbankbreaker.pro\/pt\/wp-json\/wp\/v2\/pages\/250","targetHints":{"allow":["GET"]}}],"collection":[{"href":"https:\/\/bitcointbankbreaker.pro\/pt\/wp-json\/wp\/v2\/pages"}],"about":[{"href":"https:\/\/bitcointbankbreaker.pro\/pt\/wp-json\/wp\/v2\/types\/page"}],"author":[{"embeddable":true,"href":"https:\/\/bitcointbankbreaker.pro\/pt\/wp-json\/wp\/v2\/users\/1"}],"replies":[{"embeddable":true,"href":"https:\/\/bitcointbankbreaker.pro\/pt\/wp-json\/wp\/v2\/comments?post=250"}],"version-history":[{"count":0,"href":"https:\/\/bitcointbankbreaker.pro\/pt\/wp-json\/wp\/v2\/pages\/250\/revisions"}],"wp:attachment":[{"href":"https:\/\/bitcointbankbreaker.pro\/pt\/wp-json\/wp\/v2\/media?parent=250"}],"curies":[{"name":"wp","href":"https:\/\/api.w.org\/{rel}","templated":true}]}}