{"id":18,"date":"2024-12-23T07:56:47","date_gmt":"2024-12-23T07:56:47","guid":{"rendered":"https:\/\/smartbitboost.site\/?page_id=18"},"modified":"2025-12-25T07:45:23","modified_gmt":"2025-12-25T07:45:23","slug":"politica-de-privacidade","status":"publish","type":"page","link":"https:\/\/bitcointbankbreaker.pro\/pt\/privacy-policy\/","title":{"rendered":"pol\u00edtica de Privacidade"},"content":{"rendered":"<div data-elementor-type=\"wp-page\" data-elementor-id=\"18\" class=\"elementor elementor-18\" data-elementor-post-type=\"page\">\n\t\t\t\t\t\t<section class=\"elementor-section elementor-top-section elementor-element elementor-element-c93d793 elementor-section-boxed elementor-section-height-default elementor-section-height-default\" data-id=\"c93d793\" data-element_type=\"section\" data-e-type=\"section\" data-settings=\"{&quot;background_background&quot;:&quot;classic&quot;}\">\n\t\t\t\t\t\t<div class=\"elementor-container elementor-column-gap-default\">\n\t\t\t\t\t<div class=\"elementor-column elementor-col-100 elementor-top-column elementor-element elementor-element-f00a95d\" data-id=\"f00a95d\" data-element_type=\"column\" data-e-type=\"column\">\n\t\t\t<div class=\"elementor-widget-wrap elementor-element-populated\">\n\t\t\t\t\t\t\t<\/div>\n\t\t<\/div>\n\t\t\t\t\t<\/div>\n\t\t<\/section>\n\t\t\t\t<section class=\"elementor-section elementor-top-section elementor-element elementor-element-d40eb0f elementor-section-boxed elementor-section-height-default elementor-section-height-default\" data-id=\"d40eb0f\" data-element_type=\"section\" data-e-type=\"section\">\n\t\t\t\t\t\t<div class=\"elementor-container elementor-column-gap-default\">\n\t\t\t\t\t<div class=\"elementor-column elementor-col-100 elementor-top-column elementor-element elementor-element-c893f79\" data-id=\"c893f79\" data-element_type=\"column\" data-e-type=\"column\">\n\t\t\t<div class=\"elementor-widget-wrap elementor-element-populated\">\n\t\t\t\t\t\t<div class=\"elementor-element elementor-element-40cb0cd elementor-drop-cap-yes elementor-drop-cap-view-default elementor-widget elementor-widget-text-editor\" data-id=\"40cb0cd\" data-element_type=\"widget\" data-e-type=\"widget\" data-settings=\"{&quot;drop_cap&quot;:&quot;yes&quot;}\" data-widget_type=\"text-editor.default\">\n\t\t\t\t\t\t\t\t\t<p>Esta pol\u00edtica de privacidade se aplica a <a href=\"https:\/\/bitcointbankbreaker.pro\/pt\/\"><b>Bitcoin Bank Breaker <\/b><\/a>(aqui denominado \u201cAplicativo\u201d) para dispositivos m\u00f3veis (aqui denominado \u201cProvedor de Servi\u00e7os\u201d) como um servi\u00e7o Gratuito. Este servi\u00e7o \u00e9 destinado ao uso \u201cCOMO EST\u00c1\u201d.<\/p>\t\t\t\t\t\t\t\t<\/div>\n\t\t\t\t<div class=\"elementor-element elementor-element-1779865 elementor-widget elementor-widget-heading\" data-id=\"1779865\" data-element_type=\"widget\" data-e-type=\"widget\" data-widget_type=\"heading.default\">\n\t\t\t\t\t<h2 class=\"elementor-heading-title elementor-size-default\">Coleta e uso de informa\u00e7\u00f5es\n<\/h2>\t\t\t\t<\/div>\n\t\t\t\t<div class=\"elementor-element elementor-element-f42ebc0 elementor-widget elementor-widget-text-editor\" data-id=\"f42ebc0\" data-element_type=\"widget\" data-e-type=\"widget\" data-widget_type=\"text-editor.default\">\n\t\t\t\t\t\t\t\t\t<p>O aplicativo coleta informa\u00e7\u00f5es quando voc\u00ea o baixa e o usa. Essas informa\u00e7\u00f5es podem incluir informa\u00e7\u00f5es como<\/p><ul><li>Endere\u00e7o de protocolo de Internet do seu dispositivo (por exemplo, endere\u00e7o IP)<\/li><li>O tempo gasto no aplicativo<\/li><li>O sistema operacional que voc\u00ea usa no seu dispositivo m\u00f3vel<\/li><\/ul><p>O Aplicativo n\u00e3o coleta informa\u00e7\u00f5es precisas sobre a localiza\u00e7\u00e3o do seu dispositivo m\u00f3vel.<\/p><p>O Provedor de Servi\u00e7os pode usar as informa\u00e7\u00f5es fornecidas para contat\u00e1-lo de tempos em tempos para fornecer informa\u00e7\u00f5es importantes, avisos necess\u00e1rios e promo\u00e7\u00f5es de marketing.<\/p><p>Para uma melhor experi\u00eancia, ao usar o Aplicativo, o Provedor de Servi\u00e7os pode exigir que voc\u00ea nos forne\u00e7a certas informa\u00e7\u00f5es pessoalmente identific\u00e1veis, incluindo, mas n\u00e3o se limitando a Nome, Sobrenome, E-mail, N\u00famero de Telefone. As informa\u00e7\u00f5es que o Provedor de Servi\u00e7os solicitar ser\u00e3o retidas por eles e usadas conforme descrito nesta pol\u00edtica de privacidade.<\/p>\t\t\t\t\t\t\t\t<\/div>\n\t\t\t\t<div class=\"elementor-element elementor-element-039d9f1 elementor-widget elementor-widget-heading\" data-id=\"039d9f1\" data-element_type=\"widget\" data-e-type=\"widget\" data-widget_type=\"heading.default\">\n\t\t\t\t\t<h2 class=\"elementor-heading-title elementor-size-default\">Acesso de terceiros\n<\/h2>\t\t\t\t<\/div>\n\t\t\t\t<div class=\"elementor-element elementor-element-40fbfaf elementor-widget elementor-widget-text-editor\" data-id=\"40fbfaf\" data-element_type=\"widget\" data-e-type=\"widget\" data-widget_type=\"text-editor.default\">\n\t\t\t\t\t\t\t\t\t<p>Somente dados agregados e anonimizados s\u00e3o transmitidos periodicamente para servi\u00e7os externos para auxiliar o Provedor de Servi\u00e7os a melhorar o Aplicativo e seu servi\u00e7o. O Provedor de Servi\u00e7os pode compartilhar suas informa\u00e7\u00f5es com terceiros nas formas descritas nesta declara\u00e7\u00e3o de privacidade.<\/p><p>Observe que o Aplicativo utiliza servi\u00e7os de terceiros que t\u00eam sua pr\u00f3pria Pol\u00edtica de Privacidade sobre o manuseio de dados. Abaixo est\u00e3o os links para a Pol\u00edtica de Privacidade dos provedores de servi\u00e7os de terceiros usados \u200b\u200bpelo Aplicativo:<\/p><ul><li>Servi\u00e7os do Google Play<\/li><\/ul><p>O Provedor de Servi\u00e7os pode divulgar Informa\u00e7\u00f5es Fornecidas pelo Usu\u00e1rio e Coletadas Automaticamente:<\/p><ul><li>conforme exigido por lei, como para cumprir uma intima\u00e7\u00e3o ou processo legal semelhante;<\/li><li>quando acreditam de boa-f\u00e9 que a divulga\u00e7\u00e3o \u00e9 necess\u00e1ria para proteger seus direitos, proteger sua seguran\u00e7a ou a seguran\u00e7a de outras pessoas, investigar fraudes ou responder a uma solicita\u00e7\u00e3o governamental;<\/li><li>com seus provedores de servi\u00e7os confi\u00e1veis \u200b\u200bque trabalham em seu nome, n\u00e3o t\u00eam uso independente das informa\u00e7\u00f5es que divulgamos a eles e concordaram em aderir \u00e0s regras estabelecidas nesta declara\u00e7\u00e3o de privacidade.<\/li><\/ul>\t\t\t\t\t\t\t\t<\/div>\n\t\t\t\t<div class=\"elementor-element elementor-element-6e86131 elementor-widget elementor-widget-heading\" data-id=\"6e86131\" data-element_type=\"widget\" data-e-type=\"widget\" data-widget_type=\"heading.default\">\n\t\t\t\t\t<h2 class=\"elementor-heading-title elementor-size-default\">Direitos de opt-out\n<\/h2>\t\t\t\t<\/div>\n\t\t\t\t<div class=\"elementor-element elementor-element-abeb468 elementor-widget elementor-widget-text-editor\" data-id=\"abeb468\" data-element_type=\"widget\" data-e-type=\"widget\" data-widget_type=\"text-editor.default\">\n\t\t\t\t\t\t\t\t\tVoc\u00ea pode interromper toda a coleta de informa\u00e7\u00f5es pelo Aplicativo facilmente desinstalando-o. Voc\u00ea pode usar os processos de desinstala\u00e7\u00e3o padr\u00e3o que podem estar dispon\u00edveis como parte do seu dispositivo m\u00f3vel ou por meio do mercado ou rede de aplicativos m\u00f3veis.\t\t\t\t\t\t\t\t<\/div>\n\t\t\t\t<div class=\"elementor-element elementor-element-11980f1 elementor-widget elementor-widget-heading\" data-id=\"11980f1\" data-element_type=\"widget\" data-e-type=\"widget\" data-widget_type=\"heading.default\">\n\t\t\t\t\t<h2 class=\"elementor-heading-title elementor-size-default\">Pol\u00edtica de reten\u00e7\u00e3o de dados\n<\/h2>\t\t\t\t<\/div>\n\t\t\t\t<div class=\"elementor-element elementor-element-971d712 elementor-widget elementor-widget-text-editor\" data-id=\"971d712\" data-element_type=\"widget\" data-e-type=\"widget\" data-widget_type=\"text-editor.default\">\n\t\t\t\t\t\t\t\t\t<p>O Provedor de Servi\u00e7os reter\u00e1 os dados Fornecidos pelo Usu\u00e1rio enquanto voc\u00ea usar o Aplicativo e por um tempo razo\u00e1vel depois disso. Se voc\u00ea quiser que eles excluam os Dados Fornecidos pelo Usu\u00e1rio que voc\u00ea forneceu por meio do Aplicativo, entre em contato com eles em\u00a0<a href=\"mailto:support@bitcoinbankbreaker.pro\"><strong>support@bitcoinbankbreaker.pro<\/strong><\/a>\u00a0e eles responder\u00e3o em um prazo razo\u00e1vel.<\/p>\t\t\t\t\t\t\t\t<\/div>\n\t\t\t\t<div class=\"elementor-element elementor-element-5007dc2 elementor-widget elementor-widget-heading\" data-id=\"5007dc2\" data-element_type=\"widget\" data-e-type=\"widget\" data-widget_type=\"heading.default\">\n\t\t\t\t\t<h2 class=\"elementor-heading-title elementor-size-default\">Crian\u00e7as\n<\/h2>\t\t\t\t<\/div>\n\t\t\t\t<div class=\"elementor-element elementor-element-cc4ea92 elementor-widget elementor-widget-text-editor\" data-id=\"cc4ea92\" data-element_type=\"widget\" data-e-type=\"widget\" data-widget_type=\"text-editor.default\">\n\t\t\t\t\t\t\t\t\t<p>O Provedor de Servi\u00e7os n\u00e3o usa o Aplicativo para solicitar dados ou fazer marketing intencionalmente para crian\u00e7as menores de 18 anos.<\/p><p>The Application does not address anyone under the age of 18. The Service Provider does not knowingly collect personally identifiable information from children under 18 years of age. In the case the Service Provider discover that a child under 18 has provided personal information, the Service Provider will immediately delete this from their servers. If you are a parent or guardian and you are aware that your child has provided us with personal information, please contact the Service Provider <strong>(<a href=\"mailto:support@bitcoinbankbreaker.pro\">support@bitcoinbankbreaker.pro<\/a>)<\/strong> so that they will be able to take the necessary actions.<\/p>\t\t\t\t\t\t\t\t<\/div>\n\t\t\t\t<div class=\"elementor-element elementor-element-af15077 elementor-widget elementor-widget-heading\" data-id=\"af15077\" data-element_type=\"widget\" data-e-type=\"widget\" data-widget_type=\"heading.default\">\n\t\t\t\t\t<h2 class=\"elementor-heading-title elementor-size-default\">Seguran\u00e7a\n<\/h2>\t\t\t\t<\/div>\n\t\t\t\t<div class=\"elementor-element elementor-element-3a3e7cf elementor-widget elementor-widget-text-editor\" data-id=\"3a3e7cf\" data-element_type=\"widget\" data-e-type=\"widget\" data-widget_type=\"text-editor.default\">\n\t\t\t\t\t\t\t\t\tO Provedor de Servi\u00e7os est\u00e1 preocupado em proteger a confidencialidade de suas informa\u00e7\u00f5es. O Provedor de Servi\u00e7os fornece salvaguardas f\u00edsicas, eletr\u00f4nicas e processuais para proteger as informa\u00e7\u00f5es que o Provedor de Servi\u00e7os processa e mant\u00e9m.\t\t\t\t\t\t\t\t<\/div>\n\t\t\t\t<div class=\"elementor-element elementor-element-3cb0e26 elementor-widget elementor-widget-heading\" data-id=\"3cb0e26\" data-element_type=\"widget\" data-e-type=\"widget\" data-widget_type=\"heading.default\">\n\t\t\t\t\t<h2 class=\"elementor-heading-title elementor-size-default\">Mudan\u00e7as<\/h2>\t\t\t\t<\/div>\n\t\t\t\t<div class=\"elementor-element elementor-element-c07b5b3 elementor-widget elementor-widget-text-editor\" data-id=\"c07b5b3\" data-element_type=\"widget\" data-e-type=\"widget\" data-widget_type=\"text-editor.default\">\n\t\t\t\t\t\t\t\t\t<p>Esta Pol\u00edtica de Privacidade pode ser atualizada de tempos em tempos por qualquer motivo. O Provedor de Servi\u00e7os notificar\u00e1 voc\u00ea sobre quaisquer altera\u00e7\u00f5es na Pol\u00edtica de Privacidade atualizando esta p\u00e1gina com a nova Pol\u00edtica de Privacidade. \u00c9 aconselh\u00e1vel que voc\u00ea consulte esta Pol\u00edtica de Privacidade regularmente para quaisquer altera\u00e7\u00f5es, pois o uso cont\u00ednuo \u00e9 considerado aprova\u00e7\u00e3o de todas as altera\u00e7\u00f5es.<\/p><p>Esta pol\u00edtica de privacidade \u00e9 efetiva a partir de 2024-01-01<\/p>\t\t\t\t\t\t\t\t<\/div>\n\t\t\t\t<div class=\"elementor-element elementor-element-1fda1e0 elementor-widget elementor-widget-heading\" data-id=\"1fda1e0\" data-element_type=\"widget\" data-e-type=\"widget\" data-widget_type=\"heading.default\">\n\t\t\t\t\t<h2 class=\"elementor-heading-title elementor-size-default\">Seu consentimento\n<\/h2>\t\t\t\t<\/div>\n\t\t\t\t<div class=\"elementor-element elementor-element-4e2608c elementor-widget elementor-widget-text-editor\" data-id=\"4e2608c\" data-element_type=\"widget\" data-e-type=\"widget\" data-widget_type=\"text-editor.default\">\n\t\t\t\t\t\t\t\t\tAo usar o Aplicativo, voc\u00ea consente com o processamento de suas informa\u00e7\u00f5es conforme estabelecido nesta Pol\u00edtica de Privacidade agora e conforme alterada por n\u00f3s.\t\t\t\t\t\t\t\t<\/div>\n\t\t\t\t<div class=\"elementor-element elementor-element-a12bf04 elementor-widget elementor-widget-heading\" data-id=\"a12bf04\" data-element_type=\"widget\" data-e-type=\"widget\" data-widget_type=\"heading.default\">\n\t\t\t\t\t<h2 class=\"elementor-heading-title elementor-size-default\">Contate-nos<\/h2>\t\t\t\t<\/div>\n\t\t\t\t<div class=\"elementor-element elementor-element-085cad4 elementor-widget elementor-widget-text-editor\" data-id=\"085cad4\" data-element_type=\"widget\" data-e-type=\"widget\" data-widget_type=\"text-editor.default\">\n\t\t\t\t\t\t\t\t\t<p>Se voc\u00ea tiver alguma d\u00favida sobre privacidade ao usar o Aplicativo ou tiver d\u00favidas sobre as pr\u00e1ticas, entre em contato com o Provedor de Servi\u00e7os por e-mail em\u00a0<strong><a href=\"mailto:support@bitcoinbankbreaker.pro\">support@bitcoinbankbreaker.pro<\/a><\/strong><\/p>\t\t\t\t\t\t\t\t<\/div>\n\t\t\t\t\t<\/div>\n\t\t<\/div>\n\t\t\t\t\t<\/div>\n\t\t<\/section>\n\t\t\t\t<\/div>","protected":false},"excerpt":{"rendered":"<p>This privacy policy applies to the Bitcoin Bank Breaker (hereby referred to as \u201cApplication\u201d) for mobile devices (hereby referred to as \u201cService Provider\u201d) as a Free service. This service is intended for use \u201cAS IS\u201d. Information Collection and Use The Application collects information when you download and use it. This information may include information such [&hellip;]<\/p>\n","protected":false},"author":1,"featured_media":0,"parent":0,"menu_order":0,"comment_status":"closed","ping_status":"closed","template":"elementor_header_footer","meta":{"nf_dc_page":"","footnotes":""},"class_list":["post-18","page","type-page","status-publish","hentry"],"_links":{"self":[{"href":"https:\/\/bitcointbankbreaker.pro\/pt\/wp-json\/wp\/v2\/pages\/18","targetHints":{"allow":["GET"]}}],"collection":[{"href":"https:\/\/bitcointbankbreaker.pro\/pt\/wp-json\/wp\/v2\/pages"}],"about":[{"href":"https:\/\/bitcointbankbreaker.pro\/pt\/wp-json\/wp\/v2\/types\/page"}],"author":[{"embeddable":true,"href":"https:\/\/bitcointbankbreaker.pro\/pt\/wp-json\/wp\/v2\/users\/1"}],"replies":[{"embeddable":true,"href":"https:\/\/bitcointbankbreaker.pro\/pt\/wp-json\/wp\/v2\/comments?post=18"}],"version-history":[{"count":0,"href":"https:\/\/bitcointbankbreaker.pro\/pt\/wp-json\/wp\/v2\/pages\/18\/revisions"}],"wp:attachment":[{"href":"https:\/\/bitcointbankbreaker.pro\/pt\/wp-json\/wp\/v2\/media?parent=18"}],"curies":[{"name":"wp","href":"https:\/\/api.w.org\/{rel}","templated":true}]}}