{"id":284,"date":"2024-12-25T06:41:16","date_gmt":"2024-12-25T06:41:16","guid":{"rendered":"https:\/\/smartbitboost.site\/?page_id=284"},"modified":"2025-02-11T11:37:32","modified_gmt":"2025-02-11T11:37:32","slug":"chi-siamo","status":"publish","type":"page","link":"https:\/\/bitcointbankbreaker.pro\/it\/about-us\/","title":{"rendered":"Chi siamo"},"content":{"rendered":"<div data-elementor-type=\"wp-page\" data-elementor-id=\"284\" class=\"elementor elementor-284\" data-elementor-post-type=\"page\">\n\t\t\t\t\t\t<section class=\"elementor-section elementor-top-section elementor-element elementor-element-77f58092 elementor-section-boxed elementor-section-height-default elementor-section-height-default\" data-id=\"77f58092\" data-element_type=\"section\" data-e-type=\"section\" data-settings=\"{&quot;background_background&quot;:&quot;classic&quot;}\">\n\t\t\t\t\t\t<div class=\"elementor-container elementor-column-gap-default\">\n\t\t\t\t\t<div class=\"elementor-column elementor-col-100 elementor-top-column elementor-element elementor-element-116b6bcb\" data-id=\"116b6bcb\" data-element_type=\"column\" data-e-type=\"column\">\n\t\t\t<div class=\"elementor-widget-wrap elementor-element-populated\">\n\t\t\t\t\t\t<div class=\"elementor-element elementor-element-9e9c938 elementor-widget elementor-widget-text-editor\" data-id=\"9e9c938\" data-element_type=\"widget\" data-e-type=\"widget\" data-widget_type=\"text-editor.default\">\n\t\t\t\t\t\t\t\t\t<p>Benvenuti a Bitcoin-Bank-Breaker, la piattaforma all'avanguardia per il trading automatizzato. Il nostro sistema basato sull'intelligenza artificiale \u00e8 progettato per aiutarti a massimizzare i tuoi profitti riducendo al minimo i rischi. Con un team di trader e sviluppatori esperti, abbiamo creato una piattaforma che combina le ultime tecnologie con analisi e strategie di esperti. Ci impegniamo a fornire ai nostri utenti la migliore esperienza di trading possibile e ad aiutarli a raggiungere i loro obiettivi di investimento. Unisciti a noi oggi e inizia a fare trading come un professionista con Bitcoin Bank Breaker.<\/p>\t\t\t\t\t\t\t\t<\/div>\n\t\t\t\t\t<\/div>\n\t\t<\/div>\n\t\t\t\t\t<\/div>\n\t\t<\/section>\n\t\t\t\t<section class=\"elementor-section elementor-top-section elementor-element elementor-element-500db96 elementor-section-content-middle elementor-section-boxed elementor-section-height-default elementor-section-height-default\" data-id=\"500db96\" data-element_type=\"section\" data-e-type=\"section\" data-settings=\"{&quot;background_background&quot;:&quot;classic&quot;}\">\n\t\t\t\t\t\t<div class=\"elementor-container elementor-column-gap-custom\">\n\t\t\t\t\t<div class=\"elementor-column elementor-col-100 elementor-top-column elementor-element elementor-element-f9eaf49\" data-id=\"f9eaf49\" data-element_type=\"column\" data-e-type=\"column\" data-settings=\"{&quot;background_background&quot;:&quot;gradient&quot;}\">\n\t\t\t<div class=\"elementor-widget-wrap elementor-element-populated\">\n\t\t\t\t\t\t<div class=\"elementor-element elementor-element-7cfb8e0 elementor-widget elementor-widget-heading\" data-id=\"7cfb8e0\" data-element_type=\"widget\" data-e-type=\"widget\" data-widget_type=\"heading.default\">\n\t\t\t\t\t<h2 class=\"elementor-heading-title elementor-size-default\">I nostri valori<\/h2>\t\t\t\t<\/div>\n\t\t\t\t<div class=\"elementor-element elementor-element-1eb0230 elementor-widget elementor-widget-text-editor\" data-id=\"1eb0230\" data-element_type=\"widget\" data-e-type=\"widget\" data-widget_type=\"text-editor.default\">\n\t\t\t\t\t\t\t\t\t<p>In Bitcoin Bank Breaker i nostri valori fondamentali sono radicati in integrit\u00e0, accessibilit\u00e0, istruzione, comunit\u00e0 e innovazione. Crediamo che dando priorit\u00e0 a questi valori, possiamo creare una piattaforma che consenta ai trader e agli investitori di raggiungere i propri obiettivi finanziari con sicurezza. Con un impegno per l'eccellenza in tutto ci\u00f2 che facciamo, ci sforziamo costantemente di migliorare e innovare, rimanendo all'avanguardia nel mondo del trading in continua evoluzione. Unisciti a noi oggi e scopri la differenza che i nostri valori fanno.<\/p>\t\t\t\t\t\t\t\t<\/div>\n\t\t\t\t\t<\/div>\n\t\t<\/div>\n\t\t\t\t\t<\/div>\n\t\t<\/section>\n\t\t\t\t<section class=\"elementor-section elementor-top-section elementor-element elementor-element-a8b63b7 elementor-section-content-middle elementor-section-boxed elementor-section-height-default elementor-section-height-default\" data-id=\"a8b63b7\" data-element_type=\"section\" data-e-type=\"section\" data-settings=\"{&quot;background_background&quot;:&quot;classic&quot;}\">\n\t\t\t\t\t\t<div class=\"elementor-container elementor-column-gap-custom\">\n\t\t\t\t\t<div class=\"elementor-column elementor-col-100 elementor-top-column elementor-element elementor-element-ca36a43\" data-id=\"ca36a43\" data-element_type=\"column\" data-e-type=\"column\" data-settings=\"{&quot;background_background&quot;:&quot;gradient&quot;}\">\n\t\t\t<div class=\"elementor-widget-wrap elementor-element-populated\">\n\t\t\t\t\t\t<div class=\"elementor-element elementor-element-4535c7b elementor-widget elementor-widget-heading\" data-id=\"4535c7b\" data-element_type=\"widget\" data-e-type=\"widget\" data-widget_type=\"heading.default\">\n\t\t\t\t\t<h2 class=\"elementor-heading-title elementor-size-default\">La nostra missione<\/h2>\t\t\t\t<\/div>\n\t\t\t\t<div class=\"elementor-element elementor-element-8cf2600 elementor-widget elementor-widget-text-editor\" data-id=\"8cf2600\" data-element_type=\"widget\" data-e-type=\"widget\" data-widget_type=\"text-editor.default\">\n\t\t\t\t\t\t\t\t\t<p>La nostra missione \u00e8 quella di dare potere alle persone affinch\u00e9 prendano il controllo del loro futuro finanziario, fornendo accesso ai mercati finanziari mondiali tramite una piattaforma di trading intuitiva e innovativa. Ci impegniamo a creare una comunit\u00e0 inclusiva e diversificata di trader e investitori che possano trarre vantaggio dai nostri strumenti, dalla nostra formazione e dalle nostre risorse.<\/p>\t\t\t\t\t\t\t\t<\/div>\n\t\t\t\t\t<\/div>\n\t\t<\/div>\n\t\t\t\t\t<\/div>\n\t\t<\/section>\n\t\t\t\t<\/div>","protected":false},"excerpt":{"rendered":"<p>Welcome to Bitcoin-Bank-Breaker the cutting-edge platform for automated trading. Our AI-powered system is designed to help you maximize your profits while minimizing your risks. With a team of experienced traders and developers, we\u2019ve built a platform that combines the latest technology with expert analysis and strategy. We\u2019re dedicated to providing our users with the best [&hellip;]<\/p>\n","protected":false},"author":1,"featured_media":0,"parent":0,"menu_order":0,"comment_status":"closed","ping_status":"closed","template":"elementor_header_footer","meta":{"nf_dc_page":"","footnotes":""},"class_list":["post-284","page","type-page","status-publish","hentry"],"_links":{"self":[{"href":"https:\/\/bitcointbankbreaker.pro\/it\/wp-json\/wp\/v2\/pages\/284","targetHints":{"allow":["GET"]}}],"collection":[{"href":"https:\/\/bitcointbankbreaker.pro\/it\/wp-json\/wp\/v2\/pages"}],"about":[{"href":"https:\/\/bitcointbankbreaker.pro\/it\/wp-json\/wp\/v2\/types\/page"}],"author":[{"embeddable":true,"href":"https:\/\/bitcointbankbreaker.pro\/it\/wp-json\/wp\/v2\/users\/1"}],"replies":[{"embeddable":true,"href":"https:\/\/bitcointbankbreaker.pro\/it\/wp-json\/wp\/v2\/comments?post=284"}],"version-history":[{"count":0,"href":"https:\/\/bitcointbankbreaker.pro\/it\/wp-json\/wp\/v2\/pages\/284\/revisions"}],"wp:attachment":[{"href":"https:\/\/bitcointbankbreaker.pro\/it\/wp-json\/wp\/v2\/media?parent=284"}],"curies":[{"name":"wp","href":"https:\/\/api.w.org\/{rel}","templated":true}]}}