{"id":250,"date":"2024-12-25T06:27:05","date_gmt":"2024-12-25T06:27:05","guid":{"rendered":"https:\/\/smartbitboost.site\/?page_id=250"},"modified":"2025-12-25T07:50:10","modified_gmt":"2025-12-25T07:50:10","slug":"termini-condizioni","status":"publish","type":"page","link":"https:\/\/bitcointbankbreaker.pro\/it\/terms-conditions\/","title":{"rendered":"Termini e condizioni"},"content":{"rendered":"<div data-elementor-type=\"wp-page\" data-elementor-id=\"250\" class=\"elementor elementor-250\" data-elementor-post-type=\"page\">\n\t\t\t\t\t\t<section class=\"elementor-section elementor-top-section elementor-element elementor-element-19a7fc52 elementor-section-boxed elementor-section-height-default elementor-section-height-default\" data-id=\"19a7fc52\" data-element_type=\"section\" data-e-type=\"section\" data-settings=\"{&quot;background_background&quot;:&quot;classic&quot;}\">\n\t\t\t\t\t\t<div class=\"elementor-container elementor-column-gap-default\">\n\t\t\t\t\t<div class=\"elementor-column elementor-col-100 elementor-top-column elementor-element elementor-element-2835a395\" data-id=\"2835a395\" data-element_type=\"column\" data-e-type=\"column\">\n\t\t\t<div class=\"elementor-widget-wrap elementor-element-populated\">\n\t\t\t\t\t\t\t<\/div>\n\t\t<\/div>\n\t\t\t\t\t<\/div>\n\t\t<\/section>\n\t\t\t\t<section class=\"elementor-section elementor-top-section elementor-element elementor-element-15b273d4 elementor-section-boxed elementor-section-height-default elementor-section-height-default\" data-id=\"15b273d4\" data-element_type=\"section\" data-e-type=\"section\">\n\t\t\t\t\t\t<div class=\"elementor-container elementor-column-gap-default\">\n\t\t\t\t\t<div class=\"elementor-column elementor-col-100 elementor-top-column elementor-element elementor-element-47634584\" data-id=\"47634584\" data-element_type=\"column\" data-e-type=\"column\">\n\t\t\t<div class=\"elementor-widget-wrap elementor-element-populated\">\n\t\t\t\t\t\t<div class=\"elementor-element elementor-element-6141f363 elementor-drop-cap-yes elementor-drop-cap-view-default elementor-widget elementor-widget-text-editor\" data-id=\"6141f363\" data-element_type=\"widget\" data-e-type=\"widget\" data-settings=\"{&quot;drop_cap&quot;:&quot;yes&quot;}\" data-widget_type=\"text-editor.default\">\n\t\t\t\t\t\t\t\t\t<p>Benvenuti a <a href=\"https:\/\/bitcointbankbreaker.pro\/it\/\"><strong>Bitcoin Bank Breaker<\/strong><\/a>, la tua destinazione principale per segnali di trading robot automatizzati. Utilizzando i nostri servizi, accetti di essere vincolato dai seguenti Termini e Condizioni. Leggili attentamente prima di procedere con qualsiasi transazione o abbonamento.<\/p><p>Accedendo o utilizzando <strong>Bitcoin Bank Breaker<\/strong>, riconosci di aver letto, compreso e accettato di rispettare questi Termini e Condizioni. Se non sei d'accordo con una qualsiasi parte di questi termini, non devi utilizzare i nostri servizi.<\/p><p><strong>Bitcoin Bank Breaker<\/strong> fornisce robot di trading online per vari mercati finanziari. I nostri algoritmi proprietari generano segnali di trading basati su analisi di mercato. Tuttavia, tieni presente che le performance passate non garantiscono risultati futuri e il trading comporta dei rischi.<\/p><p>Devi avere almeno 18 anni ed essere legalmente idoneo a stipulare contratti per utilizzare i nostri servizi. Accedendo <strong>Bitcoin Bank Breaker<\/strong>, confermi di soddisfare tali requisiti e di essere responsabile del rispetto di tutte le leggi e i regolamenti applicabili nella tua giurisdizione.<\/p><p>Per accedere ai nostri segnali di trading robot, potrebbe essere necessario abbonarsi a uno dei nostri piani di servizio. Le tariffe di abbonamento saranno chiaramente indicate sul nostro sito Web e accetti di pagare le tariffe specificate per la durata scelta. I pagamenti non sono rimborsabili e sei responsabile di eventuali tasse o spese sostenute in relazione alle transazioni.<\/p><p>Il trading comporta un rischio finanziario e, sebbene il nostro robot miri a fornire informazioni accurate, non possiamo garantire profitti o prevenire perdite. Riconosci di essere l'unico responsabile dei risultati delle tue decisioni di trading e di qualsiasi conseguenza finanziaria derivante dall'utilizzo dei nostri servizi. <strong>Bitcoin Bank Breaker<\/strong>, le sue affiliate e i suoi dipendenti non saranno ritenuti responsabili per eventuali perdite subite durante l'utilizzo dei nostri servizi.<\/p><p>I segnali forniti da <strong>Bitcoin Bank Breaker<\/strong> sono solo per uso personale. \u00c8 severamente vietato ridistribuire, rivendere o altrimenti sfruttare commercialmente i nostri segnali senza il previo consenso scritto di <strong>Bitcoin Bank Breaker<\/strong>.<\/p><p>Accetti di utilizzare i nostri servizi in conformit\u00e0 con tutte le leggi e i regolamenti applicabili. Non devi impegnarti in alcuna attivit\u00e0 che potrebbe interrompere, danneggiare o compromettere la funzionalit\u00e0 di <strong>Bitcoin Bank Breaker<\/strong>\u00a0o i servizi associati.<\/p><p>Tutti i contenuti, inclusi ma non limitati a loghi, marchi, testi, immagini e software utilizzati su <strong>Bitcoin Bank Breaker<\/strong>, \u00e8 protetto dalle leggi sulla propriet\u00e0 intellettuale ed \u00e8 di propriet\u00e0 esclusiva di <strong>Bitcoin Bank Breaker<\/strong>\u00a0o dei suoi licenziatari. Non puoi utilizzare, riprodurre, modificare o distribuire alcun contenuto senza il nostro espresso consenso scritto.<\/p><p><strong>Bitcoin Bank Breaker<\/strong> si riserva il diritto di sospendere o terminare l'accesso ai nostri servizi in qualsiasi momento e per qualsiasi motivo, incluso il sospetto di violazione dei presenti Termini e Condizioni o il coinvolgimento in attivit\u00e0 fraudolente.<\/p><p><strong>Bitcoin Bank Breaker<\/strong>\u00a0pu\u00f2 aggiornare o modificare questi Termini e Condizioni in qualsiasi momento senza preavviso. Continuando a utilizzare i nostri servizi dopo tali modifiche, accetti di essere vincolato dai Termini e Condizioni aggiornati.<\/p><p>La tua privacy \u00e8 importante per noi. Ti preghiamo di fare riferimento alla nostra Informativa sulla privacy per comprendere come raccogliamo, utilizziamo e proteggiamo le tue informazioni personali.<\/p><p>Questi Termini e Condizioni saranno regolati e interpretati in conformit\u00e0 con le leggi, senza riguardo ai suoi principi di conflitto di leggi. Qualsiasi controversia derivante da o correlata a questi termini sar\u00e0 soggetta alla giurisdizione esclusiva dei tribunali.<\/p><p>Il robot con algoritmo di trading necessita del software di trading Meta Trader 5 e di un servizio di brokeraggio per eseguire ordini di acquisto e vendita e fornire liquidit\u00e0 quando necessario.<\/p><p>Il cliente deve leggere e accettare i termini e le condizioni del broker.<\/p><p>Utilizzando <strong>Bitcoin Bank Breaker<\/strong>, accetti questi Termini e Condizioni e non vediamo l'ora di fornirti un servizio di trading di robot. Se hai domande o dubbi, contatta il nostro team di assistenza clienti all'indirizzo <a href=\"mailto:support@bitcoinbankbreaker.pro\"><strong>support@bitcoinbankbreaker.pro<\/strong><\/a><\/p>\t\t\t\t\t\t\t\t<\/div>\n\t\t\t\t\t<\/div>\n\t\t<\/div>\n\t\t\t\t\t<\/div>\n\t\t<\/section>\n\t\t\t\t<\/div>","protected":false},"excerpt":{"rendered":"<p>Welcome to Bitcoin Bank Breaker, your premier destination for automated robot trading signals. By using our services, you agree to be bound by the following Terms and Conditions. Please read them carefully before proceeding with any transactions or subscriptions. By accessing or using Bitcoin Bank Breaker, you acknowledge that you have read, understood, and agree [&hellip;]<\/p>\n","protected":false},"author":1,"featured_media":0,"parent":0,"menu_order":0,"comment_status":"closed","ping_status":"closed","template":"elementor_header_footer","meta":{"nf_dc_page":"","footnotes":""},"class_list":["post-250","page","type-page","status-publish","hentry"],"_links":{"self":[{"href":"https:\/\/bitcointbankbreaker.pro\/it\/wp-json\/wp\/v2\/pages\/250","targetHints":{"allow":["GET"]}}],"collection":[{"href":"https:\/\/bitcointbankbreaker.pro\/it\/wp-json\/wp\/v2\/pages"}],"about":[{"href":"https:\/\/bitcointbankbreaker.pro\/it\/wp-json\/wp\/v2\/types\/page"}],"author":[{"embeddable":true,"href":"https:\/\/bitcointbankbreaker.pro\/it\/wp-json\/wp\/v2\/users\/1"}],"replies":[{"embeddable":true,"href":"https:\/\/bitcointbankbreaker.pro\/it\/wp-json\/wp\/v2\/comments?post=250"}],"version-history":[{"count":0,"href":"https:\/\/bitcointbankbreaker.pro\/it\/wp-json\/wp\/v2\/pages\/250\/revisions"}],"wp:attachment":[{"href":"https:\/\/bitcointbankbreaker.pro\/it\/wp-json\/wp\/v2\/media?parent=250"}],"curies":[{"name":"wp","href":"https:\/\/api.w.org\/{rel}","templated":true}]}}