{"id":284,"date":"2024-12-25T06:41:16","date_gmt":"2024-12-25T06:41:16","guid":{"rendered":"https:\/\/smartbitboost.site\/?page_id=284"},"modified":"2025-02-11T11:37:32","modified_gmt":"2025-02-11T11:37:32","slug":"a-propos-de-nous","status":"publish","type":"page","link":"https:\/\/bitcointbankbreaker.pro\/fr\/about-us\/","title":{"rendered":"\u00c0 propos de nous"},"content":{"rendered":"<div data-elementor-type=\"wp-page\" data-elementor-id=\"284\" class=\"elementor elementor-284\" data-elementor-post-type=\"page\">\n\t\t\t\t\t\t<section class=\"elementor-section elementor-top-section elementor-element elementor-element-77f58092 elementor-section-boxed elementor-section-height-default elementor-section-height-default\" data-id=\"77f58092\" data-element_type=\"section\" data-e-type=\"section\" data-settings=\"{&quot;background_background&quot;:&quot;classic&quot;}\">\n\t\t\t\t\t\t<div class=\"elementor-container elementor-column-gap-default\">\n\t\t\t\t\t<div class=\"elementor-column elementor-col-100 elementor-top-column elementor-element elementor-element-116b6bcb\" data-id=\"116b6bcb\" data-element_type=\"column\" data-e-type=\"column\">\n\t\t\t<div class=\"elementor-widget-wrap elementor-element-populated\">\n\t\t\t\t\t\t<div class=\"elementor-element elementor-element-9e9c938 elementor-widget elementor-widget-text-editor\" data-id=\"9e9c938\" data-element_type=\"widget\" data-e-type=\"widget\" data-widget_type=\"text-editor.default\">\n\t\t\t\t\t\t\t\t\t<p>Bienvenue sur Bitcoin-Bank-Breaker, la plateforme de trading automatis\u00e9e de pointe. Notre syst\u00e8me bas\u00e9 sur l'IA est con\u00e7u pour vous aider \u00e0 maximiser vos profits tout en minimisant vos risques. Avec une \u00e9quipe de traders et de d\u00e9veloppeurs exp\u00e9riment\u00e9s, nous avons construit une plateforme qui combine la derni\u00e8re technologie avec une analyse et une strat\u00e9gie d'experts. Nous nous engageons \u00e0 offrir \u00e0 nos utilisateurs la meilleure exp\u00e9rience de trading possible et \u00e0 les aider \u00e0 atteindre leurs objectifs d'investissement. Rejoignez-nous d\u00e8s aujourd'hui et commencez \u00e0 trader comme un pro avec Bitcoin Bank Breaker.<\/p>\t\t\t\t\t\t\t\t<\/div>\n\t\t\t\t\t<\/div>\n\t\t<\/div>\n\t\t\t\t\t<\/div>\n\t\t<\/section>\n\t\t\t\t<section class=\"elementor-section elementor-top-section elementor-element elementor-element-500db96 elementor-section-content-middle elementor-section-boxed elementor-section-height-default elementor-section-height-default\" data-id=\"500db96\" data-element_type=\"section\" data-e-type=\"section\" data-settings=\"{&quot;background_background&quot;:&quot;classic&quot;}\">\n\t\t\t\t\t\t<div class=\"elementor-container elementor-column-gap-custom\">\n\t\t\t\t\t<div class=\"elementor-column elementor-col-100 elementor-top-column elementor-element elementor-element-f9eaf49\" data-id=\"f9eaf49\" data-element_type=\"column\" data-e-type=\"column\" data-settings=\"{&quot;background_background&quot;:&quot;gradient&quot;}\">\n\t\t\t<div class=\"elementor-widget-wrap elementor-element-populated\">\n\t\t\t\t\t\t<div class=\"elementor-element elementor-element-7cfb8e0 elementor-widget elementor-widget-heading\" data-id=\"7cfb8e0\" data-element_type=\"widget\" data-e-type=\"widget\" data-widget_type=\"heading.default\">\n\t\t\t\t\t<h2 class=\"elementor-heading-title elementor-size-default\">Nos valeurs<\/h2>\t\t\t\t<\/div>\n\t\t\t\t<div class=\"elementor-element elementor-element-1eb0230 elementor-widget elementor-widget-text-editor\" data-id=\"1eb0230\" data-element_type=\"widget\" data-e-type=\"widget\" data-widget_type=\"text-editor.default\">\n\t\t\t\t\t\t\t\t\t<p>Chez Bitcoin Bank Breaker, nos valeurs fondamentales sont ancr\u00e9es dans l'int\u00e9grit\u00e9, l'accessibilit\u00e9, l'\u00e9ducation, la communaut\u00e9 et l'innovation. Nous pensons qu'en donnant la priorit\u00e9 \u00e0 ces valeurs, nous pouvons cr\u00e9er une plateforme qui permet aux traders et aux investisseurs d'atteindre leurs objectifs financiers en toute confiance. Avec un engagement envers l'excellence dans tout ce que nous faisons, nous nous effor\u00e7ons constamment de nous am\u00e9liorer et d'innover, en gardant une longueur d'avance dans le monde du trading en constante \u00e9volution. Rejoignez-nous d\u00e8s aujourd'hui et d\u00e9couvrez la diff\u00e9rence que font nos valeurs.<\/p>\t\t\t\t\t\t\t\t<\/div>\n\t\t\t\t\t<\/div>\n\t\t<\/div>\n\t\t\t\t\t<\/div>\n\t\t<\/section>\n\t\t\t\t<section class=\"elementor-section elementor-top-section elementor-element elementor-element-a8b63b7 elementor-section-content-middle elementor-section-boxed elementor-section-height-default elementor-section-height-default\" data-id=\"a8b63b7\" data-element_type=\"section\" data-e-type=\"section\" data-settings=\"{&quot;background_background&quot;:&quot;classic&quot;}\">\n\t\t\t\t\t\t<div class=\"elementor-container elementor-column-gap-custom\">\n\t\t\t\t\t<div class=\"elementor-column elementor-col-100 elementor-top-column elementor-element elementor-element-ca36a43\" data-id=\"ca36a43\" data-element_type=\"column\" data-e-type=\"column\" data-settings=\"{&quot;background_background&quot;:&quot;gradient&quot;}\">\n\t\t\t<div class=\"elementor-widget-wrap elementor-element-populated\">\n\t\t\t\t\t\t<div class=\"elementor-element elementor-element-4535c7b elementor-widget elementor-widget-heading\" data-id=\"4535c7b\" data-element_type=\"widget\" data-e-type=\"widget\" data-widget_type=\"heading.default\">\n\t\t\t\t\t<h2 class=\"elementor-heading-title elementor-size-default\">Notre mission<\/h2>\t\t\t\t<\/div>\n\t\t\t\t<div class=\"elementor-element elementor-element-8cf2600 elementor-widget elementor-widget-text-editor\" data-id=\"8cf2600\" data-element_type=\"widget\" data-e-type=\"widget\" data-widget_type=\"text-editor.default\">\n\t\t\t\t\t\t\t\t\t<p>Notre mission est de permettre aux individus de prendre en main leur avenir financier en leur donnant acc\u00e8s aux march\u00e9s financiers mondiaux via une plateforme de trading conviviale et innovante. Nous nous effor\u00e7ons de cr\u00e9er une communaut\u00e9 inclusive et diversifi\u00e9e de traders et d'investisseurs qui peuvent b\u00e9n\u00e9ficier de nos outils, de notre formation et de nos ressources.<\/p>\t\t\t\t\t\t\t\t<\/div>\n\t\t\t\t\t<\/div>\n\t\t<\/div>\n\t\t\t\t\t<\/div>\n\t\t<\/section>\n\t\t\t\t<\/div>","protected":false},"excerpt":{"rendered":"<p>Welcome to Bitcoin-Bank-Breaker the cutting-edge platform for automated trading. Our AI-powered system is designed to help you maximize your profits while minimizing your risks. With a team of experienced traders and developers, we\u2019ve built a platform that combines the latest technology with expert analysis and strategy. We\u2019re dedicated to providing our users with the best [&hellip;]<\/p>\n","protected":false},"author":1,"featured_media":0,"parent":0,"menu_order":0,"comment_status":"closed","ping_status":"closed","template":"elementor_header_footer","meta":{"nf_dc_page":"","footnotes":""},"class_list":["post-284","page","type-page","status-publish","hentry"],"_links":{"self":[{"href":"https:\/\/bitcointbankbreaker.pro\/fr\/wp-json\/wp\/v2\/pages\/284","targetHints":{"allow":["GET"]}}],"collection":[{"href":"https:\/\/bitcointbankbreaker.pro\/fr\/wp-json\/wp\/v2\/pages"}],"about":[{"href":"https:\/\/bitcointbankbreaker.pro\/fr\/wp-json\/wp\/v2\/types\/page"}],"author":[{"embeddable":true,"href":"https:\/\/bitcointbankbreaker.pro\/fr\/wp-json\/wp\/v2\/users\/1"}],"replies":[{"embeddable":true,"href":"https:\/\/bitcointbankbreaker.pro\/fr\/wp-json\/wp\/v2\/comments?post=284"}],"version-history":[{"count":0,"href":"https:\/\/bitcointbankbreaker.pro\/fr\/wp-json\/wp\/v2\/pages\/284\/revisions"}],"wp:attachment":[{"href":"https:\/\/bitcointbankbreaker.pro\/fr\/wp-json\/wp\/v2\/media?parent=284"}],"curies":[{"name":"wp","href":"https:\/\/api.w.org\/{rel}","templated":true}]}}