{"id":18,"date":"2024-12-23T07:56:47","date_gmt":"2024-12-23T07:56:47","guid":{"rendered":"https:\/\/smartbitboost.site\/?page_id=18"},"modified":"2025-12-25T07:45:23","modified_gmt":"2025-12-25T07:45:23","slug":"politique-de-confidentialite","status":"publish","type":"page","link":"https:\/\/bitcointbankbreaker.pro\/fr\/privacy-policy\/","title":{"rendered":"politique de confidentialit\u00e9"},"content":{"rendered":"<div data-elementor-type=\"wp-page\" data-elementor-id=\"18\" class=\"elementor elementor-18\" data-elementor-post-type=\"page\">\n\t\t\t\t\t\t<section class=\"elementor-section elementor-top-section elementor-element elementor-element-c93d793 elementor-section-boxed elementor-section-height-default elementor-section-height-default\" data-id=\"c93d793\" data-element_type=\"section\" data-e-type=\"section\" data-settings=\"{&quot;background_background&quot;:&quot;classic&quot;}\">\n\t\t\t\t\t\t<div class=\"elementor-container elementor-column-gap-default\">\n\t\t\t\t\t<div class=\"elementor-column elementor-col-100 elementor-top-column elementor-element elementor-element-f00a95d\" data-id=\"f00a95d\" data-element_type=\"column\" data-e-type=\"column\">\n\t\t\t<div class=\"elementor-widget-wrap elementor-element-populated\">\n\t\t\t\t\t\t\t<\/div>\n\t\t<\/div>\n\t\t\t\t\t<\/div>\n\t\t<\/section>\n\t\t\t\t<section class=\"elementor-section elementor-top-section elementor-element elementor-element-d40eb0f elementor-section-boxed elementor-section-height-default elementor-section-height-default\" data-id=\"d40eb0f\" data-element_type=\"section\" data-e-type=\"section\">\n\t\t\t\t\t\t<div class=\"elementor-container elementor-column-gap-default\">\n\t\t\t\t\t<div class=\"elementor-column elementor-col-100 elementor-top-column elementor-element elementor-element-c893f79\" data-id=\"c893f79\" data-element_type=\"column\" data-e-type=\"column\">\n\t\t\t<div class=\"elementor-widget-wrap elementor-element-populated\">\n\t\t\t\t\t\t<div class=\"elementor-element elementor-element-40cb0cd elementor-drop-cap-yes elementor-drop-cap-view-default elementor-widget elementor-widget-text-editor\" data-id=\"40cb0cd\" data-element_type=\"widget\" data-e-type=\"widget\" data-settings=\"{&quot;drop_cap&quot;:&quot;yes&quot;}\" data-widget_type=\"text-editor.default\">\n\t\t\t\t\t\t\t\t\t<p>Cette politique de confidentialit\u00e9 s'applique \u00e0 la <a href=\"https:\/\/bitcointbankbreaker.pro\/fr\/\"><b>Bitcoin Bank Breaker <\/b><\/a>(ci-apr\u00e8s d\u00e9nomm\u00e9e \u00ab Application \u00bb) pour appareils mobiles (ci-apr\u00e8s d\u00e9nomm\u00e9e \u00ab Fournisseur de services \u00bb) en tant que service gratuit. Ce service est destin\u00e9 \u00e0 \u00eatre utilis\u00e9 \u00ab EN L'\u00c9TAT \u00bb.<\/p>\t\t\t\t\t\t\t\t<\/div>\n\t\t\t\t<div class=\"elementor-element elementor-element-1779865 elementor-widget elementor-widget-heading\" data-id=\"1779865\" data-element_type=\"widget\" data-e-type=\"widget\" data-widget_type=\"heading.default\">\n\t\t\t\t\t<h2 class=\"elementor-heading-title elementor-size-default\">Collecte et utilisation des informations\n<\/h2>\t\t\t\t<\/div>\n\t\t\t\t<div class=\"elementor-element elementor-element-f42ebc0 elementor-widget elementor-widget-text-editor\" data-id=\"f42ebc0\" data-element_type=\"widget\" data-e-type=\"widget\" data-widget_type=\"text-editor.default\">\n\t\t\t\t\t\t\t\t\t<p>L'application collecte des informations lorsque vous la t\u00e9l\u00e9chargez et l'utilisez. Ces informations peuvent inclure des informations telles que<\/p><ul><li>L'adresse IP (Internet Protocol) de votre appareil<\/li><li>Le temps pass\u00e9 sur l'application<\/li><li>Le syst\u00e8me d'exploitation que vous utilisez sur votre appareil mobile<\/li><\/ul><p>L'Application ne collecte pas d'informations pr\u00e9cises sur la localisation de votre appareil mobile.<\/p><p>Le fournisseur de services peut utiliser les informations que vous avez fournies pour vous contacter de temps \u00e0 autre afin de vous fournir des informations importantes, des avis obligatoires et des promotions marketing.<\/p><p>Pour une meilleure exp\u00e9rience, lors de l'utilisation de l'application, le fournisseur de services peut vous demander de nous fournir certaines informations personnelles identifiables, y compris, mais sans s'y limiter, le pr\u00e9nom, le nom, l'e-mail, le num\u00e9ro de t\u00e9l\u00e9phone. Les informations demand\u00e9es par le fournisseur de services seront conserv\u00e9es par lui et utilis\u00e9es comme d\u00e9crit dans la pr\u00e9sente politique de confidentialit\u00e9.<\/p>\t\t\t\t\t\t\t\t<\/div>\n\t\t\t\t<div class=\"elementor-element elementor-element-039d9f1 elementor-widget elementor-widget-heading\" data-id=\"039d9f1\" data-element_type=\"widget\" data-e-type=\"widget\" data-widget_type=\"heading.default\">\n\t\t\t\t\t<h2 class=\"elementor-heading-title elementor-size-default\">Acc\u00e8s des tiers\n<\/h2>\t\t\t\t<\/div>\n\t\t\t\t<div class=\"elementor-element elementor-element-40fbfaf elementor-widget elementor-widget-text-editor\" data-id=\"40fbfaf\" data-element_type=\"widget\" data-e-type=\"widget\" data-widget_type=\"text-editor.default\">\n\t\t\t\t\t\t\t\t\t<p>Seules des donn\u00e9es agr\u00e9g\u00e9es et anonymis\u00e9es sont p\u00e9riodiquement transmises \u00e0 des services externes pour aider le fournisseur de services \u00e0 am\u00e9liorer l'application et son service. Le fournisseur de services peut partager vos informations avec des tiers de la mani\u00e8re d\u00e9crite dans la pr\u00e9sente d\u00e9claration de confidentialit\u00e9.<\/p><p>Veuillez noter que l'application utilise des services tiers qui ont leur propre politique de confidentialit\u00e9 concernant le traitement des donn\u00e9es. Vous trouverez ci-dessous les liens vers la politique de confidentialit\u00e9 des fournisseurs de services tiers utilis\u00e9s par l'application :<\/p><ul><li>Services Google Play<\/li><\/ul><p>Le fournisseur de services peut divulguer les informations fournies par l'utilisateur et collect\u00e9es automatiquement :<\/p><ul><li>comme l\u2019exige la loi, par exemple pour se conformer \u00e0 une assignation \u00e0 compara\u00eetre ou \u00e0 une proc\u00e9dure judiciaire similaire\u00a0;<\/li><li>lorsqu\u2019ils croient de bonne foi que la divulgation est n\u00e9cessaire pour prot\u00e9ger leurs droits, prot\u00e9ger votre s\u00e9curit\u00e9 ou celle d\u2019autrui, enqu\u00eater sur une fraude ou r\u00e9pondre \u00e0 une demande du gouvernement\u00a0;<\/li><li>avec leurs prestataires de services de confiance qui travaillent en leur nom, n'ont pas d'utilisation ind\u00e9pendante des informations que nous leur divulguons et ont accept\u00e9 de respecter les r\u00e8gles \u00e9nonc\u00e9es dans la pr\u00e9sente d\u00e9claration de confidentialit\u00e9.<\/li><\/ul>\t\t\t\t\t\t\t\t<\/div>\n\t\t\t\t<div class=\"elementor-element elementor-element-6e86131 elementor-widget elementor-widget-heading\" data-id=\"6e86131\" data-element_type=\"widget\" data-e-type=\"widget\" data-widget_type=\"heading.default\">\n\t\t\t\t\t<h2 class=\"elementor-heading-title elementor-size-default\">Droits de retrait\n<\/h2>\t\t\t\t<\/div>\n\t\t\t\t<div class=\"elementor-element elementor-element-abeb468 elementor-widget elementor-widget-text-editor\" data-id=\"abeb468\" data-element_type=\"widget\" data-e-type=\"widget\" data-widget_type=\"text-editor.default\">\n\t\t\t\t\t\t\t\t\tVous pouvez facilement mettre fin \u00e0 toute collecte d'informations par l'application en la d\u00e9sinstallant. Vous pouvez utiliser les processus de d\u00e9sinstallation standard disponibles sur votre appareil mobile ou via le march\u00e9 ou le r\u00e9seau d'applications mobiles.\t\t\t\t\t\t\t\t<\/div>\n\t\t\t\t<div class=\"elementor-element elementor-element-11980f1 elementor-widget elementor-widget-heading\" data-id=\"11980f1\" data-element_type=\"widget\" data-e-type=\"widget\" data-widget_type=\"heading.default\">\n\t\t\t\t\t<h2 class=\"elementor-heading-title elementor-size-default\">Politique de conservation des donn\u00e9es\n<\/h2>\t\t\t\t<\/div>\n\t\t\t\t<div class=\"elementor-element elementor-element-971d712 elementor-widget elementor-widget-text-editor\" data-id=\"971d712\" data-element_type=\"widget\" data-e-type=\"widget\" data-widget_type=\"text-editor.default\">\n\t\t\t\t\t\t\t\t\t<p>Le fournisseur de services conservera les donn\u00e9es fournies par l'utilisateur aussi longtemps que vous utiliserez l'application et pendant une dur\u00e9e raisonnable par la suite. Si vous souhaitez qu'il supprime les donn\u00e9es fournies par l'utilisateur que vous avez fournies via l'application, veuillez le contacter \u00e0 l'adresse\u00a0<a href=\"mailto:support@bitcoinbankbreaker.pro\"><strong>support@bitcoinbankbreaker.pro<\/strong><\/a>\u00a0et ils r\u00e9pondront dans un d\u00e9lai raisonnable.<\/p>\t\t\t\t\t\t\t\t<\/div>\n\t\t\t\t<div class=\"elementor-element elementor-element-5007dc2 elementor-widget elementor-widget-heading\" data-id=\"5007dc2\" data-element_type=\"widget\" data-e-type=\"widget\" data-widget_type=\"heading.default\">\n\t\t\t\t\t<h2 class=\"elementor-heading-title elementor-size-default\">Enfants\n<\/h2>\t\t\t\t<\/div>\n\t\t\t\t<div class=\"elementor-element elementor-element-cc4ea92 elementor-widget elementor-widget-text-editor\" data-id=\"cc4ea92\" data-element_type=\"widget\" data-e-type=\"widget\" data-widget_type=\"text-editor.default\">\n\t\t\t\t\t\t\t\t\t<p>Le fournisseur de services n'utilise pas l'application pour solliciter sciemment des donn\u00e9es ou faire du marketing aupr\u00e8s d'enfants de moins de 18 ans.<\/p><p>The Application does not address anyone under the age of 18. The Service Provider does not knowingly collect personally identifiable information from children under 18 years of age. In the case the Service Provider discover that a child under 18 has provided personal information, the Service Provider will immediately delete this from their servers. If you are a parent or guardian and you are aware that your child has provided us with personal information, please contact the Service Provider <strong>(<a href=\"mailto:support@bitcoinbankbreaker.pro\">support@bitcoinbankbreaker.pro<\/a>)<\/strong> so that they will be able to take the necessary actions.<\/p>\t\t\t\t\t\t\t\t<\/div>\n\t\t\t\t<div class=\"elementor-element elementor-element-af15077 elementor-widget elementor-widget-heading\" data-id=\"af15077\" data-element_type=\"widget\" data-e-type=\"widget\" data-widget_type=\"heading.default\">\n\t\t\t\t\t<h2 class=\"elementor-heading-title elementor-size-default\">S\u00e9curit\u00e9\n<\/h2>\t\t\t\t<\/div>\n\t\t\t\t<div class=\"elementor-element elementor-element-3a3e7cf elementor-widget elementor-widget-text-editor\" data-id=\"3a3e7cf\" data-element_type=\"widget\" data-e-type=\"widget\" data-widget_type=\"text-editor.default\">\n\t\t\t\t\t\t\t\t\tLe prestataire de services est soucieux de pr\u00e9server la confidentialit\u00e9 de vos informations. Le prestataire de services fournit des mesures de protection physiques, \u00e9lectroniques et proc\u00e9durales pour prot\u00e9ger les informations qu'il traite et conserve.\t\t\t\t\t\t\t\t<\/div>\n\t\t\t\t<div class=\"elementor-element elementor-element-3cb0e26 elementor-widget elementor-widget-heading\" data-id=\"3cb0e26\" data-element_type=\"widget\" data-e-type=\"widget\" data-widget_type=\"heading.default\">\n\t\t\t\t\t<h2 class=\"elementor-heading-title elementor-size-default\">Changements<\/h2>\t\t\t\t<\/div>\n\t\t\t\t<div class=\"elementor-element elementor-element-c07b5b3 elementor-widget elementor-widget-text-editor\" data-id=\"c07b5b3\" data-element_type=\"widget\" data-e-type=\"widget\" data-widget_type=\"text-editor.default\">\n\t\t\t\t\t\t\t\t\t<p>Cette politique de confidentialit\u00e9 peut \u00eatre mise \u00e0 jour de temps \u00e0 autre pour quelque raison que ce soit. Le fournisseur de services vous informera de toute modification apport\u00e9e \u00e0 la politique de confidentialit\u00e9 en mettant \u00e0 jour cette page avec la nouvelle politique de confidentialit\u00e9. Il vous est conseill\u00e9 de consulter r\u00e9guli\u00e8rement cette politique de confidentialit\u00e9 pour prendre connaissance de tout changement, car l'utilisation continue est consid\u00e9r\u00e9e comme une approbation de tous les changements.<\/p><p>Cette politique de confidentialit\u00e9 est en vigueur \u00e0 compter du 01\/01\/2024<\/p>\t\t\t\t\t\t\t\t<\/div>\n\t\t\t\t<div class=\"elementor-element elementor-element-1fda1e0 elementor-widget elementor-widget-heading\" data-id=\"1fda1e0\" data-element_type=\"widget\" data-e-type=\"widget\" data-widget_type=\"heading.default\">\n\t\t\t\t\t<h2 class=\"elementor-heading-title elementor-size-default\">Votre consentement\n<\/h2>\t\t\t\t<\/div>\n\t\t\t\t<div class=\"elementor-element elementor-element-4e2608c elementor-widget elementor-widget-text-editor\" data-id=\"4e2608c\" data-element_type=\"widget\" data-e-type=\"widget\" data-widget_type=\"text-editor.default\">\n\t\t\t\t\t\t\t\t\tEn utilisant l'Application, vous consentez au traitement de vos informations comme indiqu\u00e9 dans la pr\u00e9sente Politique de confidentialit\u00e9 actuelle et telle que modifi\u00e9e par nous.\t\t\t\t\t\t\t\t<\/div>\n\t\t\t\t<div class=\"elementor-element elementor-element-a12bf04 elementor-widget elementor-widget-heading\" data-id=\"a12bf04\" data-element_type=\"widget\" data-e-type=\"widget\" data-widget_type=\"heading.default\">\n\t\t\t\t\t<h2 class=\"elementor-heading-title elementor-size-default\">Contactez-nous<\/h2>\t\t\t\t<\/div>\n\t\t\t\t<div class=\"elementor-element elementor-element-085cad4 elementor-widget elementor-widget-text-editor\" data-id=\"085cad4\" data-element_type=\"widget\" data-e-type=\"widget\" data-widget_type=\"text-editor.default\">\n\t\t\t\t\t\t\t\t\t<p>Si vous avez des questions concernant la confidentialit\u00e9 lors de l'utilisation de l'application, ou si vous avez des questions sur les pratiques, veuillez contacter le fournisseur de services par e-mail \u00e0\u00a0<strong><a href=\"mailto:support@bitcoinbankbreaker.pro\">support@bitcoinbankbreaker.pro<\/a><\/strong><\/p>\t\t\t\t\t\t\t\t<\/div>\n\t\t\t\t\t<\/div>\n\t\t<\/div>\n\t\t\t\t\t<\/div>\n\t\t<\/section>\n\t\t\t\t<\/div>","protected":false},"excerpt":{"rendered":"<p>This privacy policy applies to the Bitcoin Bank Breaker (hereby referred to as \u201cApplication\u201d) for mobile devices (hereby referred to as \u201cService Provider\u201d) as a Free service. This service is intended for use \u201cAS IS\u201d. Information Collection and Use The Application collects information when you download and use it. This information may include information such [&hellip;]<\/p>\n","protected":false},"author":1,"featured_media":0,"parent":0,"menu_order":0,"comment_status":"closed","ping_status":"closed","template":"elementor_header_footer","meta":{"nf_dc_page":"","footnotes":""},"class_list":["post-18","page","type-page","status-publish","hentry"],"_links":{"self":[{"href":"https:\/\/bitcointbankbreaker.pro\/fr\/wp-json\/wp\/v2\/pages\/18","targetHints":{"allow":["GET"]}}],"collection":[{"href":"https:\/\/bitcointbankbreaker.pro\/fr\/wp-json\/wp\/v2\/pages"}],"about":[{"href":"https:\/\/bitcointbankbreaker.pro\/fr\/wp-json\/wp\/v2\/types\/page"}],"author":[{"embeddable":true,"href":"https:\/\/bitcointbankbreaker.pro\/fr\/wp-json\/wp\/v2\/users\/1"}],"replies":[{"embeddable":true,"href":"https:\/\/bitcointbankbreaker.pro\/fr\/wp-json\/wp\/v2\/comments?post=18"}],"version-history":[{"count":0,"href":"https:\/\/bitcointbankbreaker.pro\/fr\/wp-json\/wp\/v2\/pages\/18\/revisions"}],"wp:attachment":[{"href":"https:\/\/bitcointbankbreaker.pro\/fr\/wp-json\/wp\/v2\/media?parent=18"}],"curies":[{"name":"wp","href":"https:\/\/api.w.org\/{rel}","templated":true}]}}