{"id":250,"date":"2024-12-25T06:27:05","date_gmt":"2024-12-25T06:27:05","guid":{"rendered":"https:\/\/smartbitboost.site\/?page_id=250"},"modified":"2025-12-25T07:50:10","modified_gmt":"2025-12-25T07:50:10","slug":"agb","status":"publish","type":"page","link":"https:\/\/bitcointbankbreaker.pro\/de_at\/terms-conditions\/","title":{"rendered":"Wenn Sie Fragen zum Datenschutz bei der Nutzung der Anwendung haben oder Fragen zu den Praktiken haben, wenden Sie sich bitte per E-Mail an den Dienstanbieter unter"},"content":{"rendered":"<div data-elementor-type=\"wp-page\" data-elementor-id=\"250\" class=\"elementor elementor-250\" data-elementor-post-type=\"page\">\n\t\t\t\t\t\t<section class=\"elementor-section elementor-top-section elementor-element elementor-element-19a7fc52 elementor-section-boxed elementor-section-height-default elementor-section-height-default\" data-id=\"19a7fc52\" data-element_type=\"section\" data-e-type=\"section\" data-settings=\"{&quot;background_background&quot;:&quot;classic&quot;}\">\n\t\t\t\t\t\t<div class=\"elementor-container elementor-column-gap-default\">\n\t\t\t\t\t<div class=\"elementor-column elementor-col-100 elementor-top-column elementor-element elementor-element-2835a395\" data-id=\"2835a395\" data-element_type=\"column\" data-e-type=\"column\">\n\t\t\t<div class=\"elementor-widget-wrap elementor-element-populated\">\n\t\t\t\t\t\t\t<\/div>\n\t\t<\/div>\n\t\t\t\t\t<\/div>\n\t\t<\/section>\n\t\t\t\t<section class=\"elementor-section elementor-top-section elementor-element elementor-element-15b273d4 elementor-section-boxed elementor-section-height-default elementor-section-height-default\" data-id=\"15b273d4\" data-element_type=\"section\" data-e-type=\"section\">\n\t\t\t\t\t\t<div class=\"elementor-container elementor-column-gap-default\">\n\t\t\t\t\t<div class=\"elementor-column elementor-col-100 elementor-top-column elementor-element elementor-element-47634584\" data-id=\"47634584\" data-element_type=\"column\" data-e-type=\"column\">\n\t\t\t<div class=\"elementor-widget-wrap elementor-element-populated\">\n\t\t\t\t\t\t<div class=\"elementor-element elementor-element-6141f363 elementor-drop-cap-yes elementor-drop-cap-view-default elementor-widget elementor-widget-text-editor\" data-id=\"6141f363\" data-element_type=\"widget\" data-e-type=\"widget\" data-settings=\"{&quot;drop_cap&quot;:&quot;yes&quot;}\" data-widget_type=\"text-editor.default\">\n\t\t\t\t\t\t\t\t\t<p>Willkommen bei <a href=\"https:\/\/bitcointbankbreaker.pro\/de_at\/\"><strong>Bitcoin Bank Breaker<\/strong><\/a>, Ihre erste Adresse f\u00fcr automatisierte Handelssignale. Durch die Nutzung unserer Dienste erkl\u00e4ren Sie sich mit den folgenden Gesch\u00e4ftsbedingungen einverstanden. Bitte lesen Sie sie sorgf\u00e4ltig durch, bevor Sie Transaktionen oder Abonnements abschlie\u00dfen.<\/p><p>Durch den Zugriff oder die Nutzung <strong>Bitcoin Bank Breaker<\/strong>best\u00e4tigen Sie, dass Sie diese Allgemeinen Gesch\u00e4ftsbedingungen gelesen und verstanden haben und sich mit deren Einhaltung einverstanden erkl\u00e4ren. Wenn Sie mit irgendeinem Teil dieser Bedingungen nicht einverstanden sind, d\u00fcrfen Sie unsere Dienste nicht nutzen.<\/p><p><strong>Bitcoin Bank Breaker<\/strong> bietet Online-Handelsroboter f\u00fcr verschiedene Finanzm\u00e4rkte an. Unsere propriet\u00e4ren Algorithmen generieren Handelssignale auf der Grundlage von Marktanalysen. Bitte beachten Sie jedoch, dass vergangene Performances keine Garantie f\u00fcr zuk\u00fcnftige Ergebnisse darstellen und der Handel mit Risiken verbunden ist.<\/p><p>Sie m\u00fcssen mindestens 18 Jahre alt und rechtlich befugt sein, Vertr\u00e4ge abzuschlie\u00dfen, um unsere Dienste nutzen zu k\u00f6nnen. Durch den Zugriff <strong>Bitcoin Bank Breaker<\/strong>best\u00e4tigen Sie, dass Sie diese Anforderungen erf\u00fcllen und f\u00fcr die Einhaltung aller geltenden Gesetze und Vorschriften in Ihrer Gerichtsbarkeit verantwortlich sind.<\/p><p>Um auf unsere Roboter-Handelssignale zugreifen zu k\u00f6nnen, m\u00fcssen Sie m\u00f6glicherweise einen unserer Servicepl\u00e4ne abonnieren. Die Abonnementgeb\u00fchren werden auf unserer Website deutlich angegeben und Sie erkl\u00e4ren sich damit einverstanden, die angegebenen Geb\u00fchren f\u00fcr die gew\u00e4hlte Dauer zu zahlen. Zahlungen sind nicht erstattungsf\u00e4hig und Sie sind f\u00fcr alle Steuern oder Geb\u00fchren verantwortlich, die im Zusammenhang mit den Transaktionen anfallen.<\/p><p>Der Handel birgt finanzielle Risiken, und obwohl unser Roboter versucht, genaue Informationen zu liefern, k\u00f6nnen wir keine Gewinne garantieren oder Verluste verhindern. Sie erkennen an, dass Sie allein f\u00fcr die Ergebnisse Ihrer Handelsentscheidungen und alle finanziellen Folgen verantwortlich sind, die sich aus der Nutzung unserer Dienste ergeben. <strong>Bitcoin Bank Breaker<\/strong>, seine Tochtergesellschaften und Mitarbeiter haften nicht f\u00fcr Verluste, die durch die Nutzung unserer Dienste entstehen.<\/p><p>Die Signale von <strong>Bitcoin Bank Breaker<\/strong> sind nur f\u00fcr Ihren pers\u00f6nlichen Gebrauch bestimmt. Es ist Ihnen strengstens untersagt, unsere Signale ohne vorherige schriftliche Zustimmung von weiterzugeben, weiterzuverkaufen oder anderweitig kommerziell zu nutzen <strong>Bitcoin Bank Breaker<\/strong>.<\/p><p>Sie verpflichten sich, unsere Dienste in \u00dcbereinstimmung mit allen geltenden Gesetzen und Vorschriften zu nutzen. Sie d\u00fcrfen keine Aktivit\u00e4ten durchf\u00fchren, die die Funktionalit\u00e4t von <strong>Bitcoin Bank Breaker<\/strong>\u00a0oder die damit verbundenen Dienste.<\/p><p>Alle Inhalte, einschlie\u00dflich, aber nicht beschr\u00e4nkt auf Logos, Marken, Texte, Bilder und Software, die auf <strong>Bitcoin Bank Breaker<\/strong>, ist durch Gesetze zum Schutz geistigen Eigentums gesch\u00fctzt und ist das ausschlie\u00dfliche Eigentum von <strong>Bitcoin Bank Breaker<\/strong>\u00a0oder seinen Lizenzgebern. Sie d\u00fcrfen ohne unsere ausdr\u00fcckliche schriftliche Zustimmung keine Inhalte verwenden, reproduzieren, \u00e4ndern oder verteilen.<\/p><p><strong>Bitcoin Bank Breaker<\/strong> beh\u00e4lt sich das Recht vor, Ihren Zugriff auf unsere Dienste jederzeit und aus beliebigem Grund auszusetzen oder zu beenden, einschlie\u00dflich bei vermutetem Versto\u00df gegen diese Allgemeinen Gesch\u00e4ftsbedingungen oder bei Beteiligung an betr\u00fcgerischen Aktivit\u00e4ten.<\/p><p><strong>Bitcoin Bank Breaker<\/strong>\u00a0kann diese Allgemeinen Gesch\u00e4ftsbedingungen jederzeit und ohne vorherige Ank\u00fcndigung aktualisieren oder \u00e4ndern. Indem Sie unsere Dienste nach solchen \u00c4nderungen weiterhin nutzen, erkl\u00e4ren Sie sich mit den aktualisierten Allgemeinen Gesch\u00e4ftsbedingungen einverstanden.<\/p><p>Ihre Privatsph\u00e4re ist uns wichtig. Bitte lesen Sie unsere Datenschutzrichtlinie, um zu erfahren, wie wir Ihre pers\u00f6nlichen Daten sammeln, verwenden und sch\u00fctzen.<\/p><p>Diese Allgemeinen Gesch\u00e4ftsbedingungen unterliegen den Gesetzen und werden gem\u00e4\u00df diesen Gesetzen ausgelegt, ungeachtet der Kollisionsnormen. Alle Streitigkeiten, die sich aus diesen Bedingungen ergeben oder damit in Zusammenhang stehen, unterliegen der ausschlie\u00dflichen Zust\u00e4ndigkeit der Gerichte.<\/p><p>Der Handelsalgorithmus-Roboter erfordert die Handelssoftware Meta Trader 5 und einen Maklerdienst, um Kauf- und Verkaufsauftr\u00e4ge auszuf\u00fchren und bei Bedarf Liquidit\u00e4t bereitzustellen.<\/p><p>Der Kunde muss die Gesch\u00e4ftsbedingungen des Maklers lesen und akzeptieren.<\/p><p>En utilisant <strong>Bitcoin Bank Breaker<\/strong>, stimmen Sie diesen Allgemeinen Gesch\u00e4ftsbedingungen zu und wir freuen uns darauf, Ihnen einen Roboter-Handelsservice anbieten zu k\u00f6nnen. Wenn Sie Fragen oder Bedenken haben, wenden Sie sich bitte an unser Kundensupportteam unter <a href=\"mailto:support@bitcoinbankbreaker.pro\"><strong>support@bitcoinbankbreaker.pro<\/strong><\/a><\/p>\t\t\t\t\t\t\t\t<\/div>\n\t\t\t\t\t<\/div>\n\t\t<\/div>\n\t\t\t\t\t<\/div>\n\t\t<\/section>\n\t\t\t\t<\/div>","protected":false},"excerpt":{"rendered":"<p>Welcome to Bitcoin Bank Breaker, your premier destination for automated robot trading signals. By using our services, you agree to be bound by the following Terms and Conditions. Please read them carefully before proceeding with any transactions or subscriptions. By accessing or using Bitcoin Bank Breaker, you acknowledge that you have read, understood, and agree [&hellip;]<\/p>\n","protected":false},"author":1,"featured_media":0,"parent":0,"menu_order":0,"comment_status":"closed","ping_status":"closed","template":"elementor_header_footer","meta":{"nf_dc_page":"","footnotes":""},"class_list":["post-250","page","type-page","status-publish","hentry"],"_links":{"self":[{"href":"https:\/\/bitcointbankbreaker.pro\/de_at\/wp-json\/wp\/v2\/pages\/250","targetHints":{"allow":["GET"]}}],"collection":[{"href":"https:\/\/bitcointbankbreaker.pro\/de_at\/wp-json\/wp\/v2\/pages"}],"about":[{"href":"https:\/\/bitcointbankbreaker.pro\/de_at\/wp-json\/wp\/v2\/types\/page"}],"author":[{"embeddable":true,"href":"https:\/\/bitcointbankbreaker.pro\/de_at\/wp-json\/wp\/v2\/users\/1"}],"replies":[{"embeddable":true,"href":"https:\/\/bitcointbankbreaker.pro\/de_at\/wp-json\/wp\/v2\/comments?post=250"}],"version-history":[{"count":0,"href":"https:\/\/bitcointbankbreaker.pro\/de_at\/wp-json\/wp\/v2\/pages\/250\/revisions"}],"wp:attachment":[{"href":"https:\/\/bitcointbankbreaker.pro\/de_at\/wp-json\/wp\/v2\/media?parent=250"}],"curies":[{"name":"wp","href":"https:\/\/api.w.org\/{rel}","templated":true}]}}