{"id":18,"date":"2024-12-23T07:56:47","date_gmt":"2024-12-23T07:56:47","guid":{"rendered":"https:\/\/smartbitboost.site\/?page_id=18"},"modified":"2025-12-25T07:45:23","modified_gmt":"2025-12-25T07:45:23","slug":"datenschutzrichtlinie","status":"publish","type":"page","link":"https:\/\/bitcointbankbreaker.pro\/de_at\/privacy-policy\/","title":{"rendered":"Datenschutzrichtlinie"},"content":{"rendered":"<div data-elementor-type=\"wp-page\" data-elementor-id=\"18\" class=\"elementor elementor-18\" data-elementor-post-type=\"page\">\n\t\t\t\t\t\t<section class=\"elementor-section elementor-top-section elementor-element elementor-element-c93d793 elementor-section-boxed elementor-section-height-default elementor-section-height-default\" data-id=\"c93d793\" data-element_type=\"section\" data-e-type=\"section\" data-settings=\"{&quot;background_background&quot;:&quot;classic&quot;}\">\n\t\t\t\t\t\t<div class=\"elementor-container elementor-column-gap-default\">\n\t\t\t\t\t<div class=\"elementor-column elementor-col-100 elementor-top-column elementor-element elementor-element-f00a95d\" data-id=\"f00a95d\" data-element_type=\"column\" data-e-type=\"column\">\n\t\t\t<div class=\"elementor-widget-wrap elementor-element-populated\">\n\t\t\t\t\t\t\t<\/div>\n\t\t<\/div>\n\t\t\t\t\t<\/div>\n\t\t<\/section>\n\t\t\t\t<section class=\"elementor-section elementor-top-section elementor-element elementor-element-d40eb0f elementor-section-boxed elementor-section-height-default elementor-section-height-default\" data-id=\"d40eb0f\" data-element_type=\"section\" data-e-type=\"section\">\n\t\t\t\t\t\t<div class=\"elementor-container elementor-column-gap-default\">\n\t\t\t\t\t<div class=\"elementor-column elementor-col-100 elementor-top-column elementor-element elementor-element-c893f79\" data-id=\"c893f79\" data-element_type=\"column\" data-e-type=\"column\">\n\t\t\t<div class=\"elementor-widget-wrap elementor-element-populated\">\n\t\t\t\t\t\t<div class=\"elementor-element elementor-element-40cb0cd elementor-drop-cap-yes elementor-drop-cap-view-default elementor-widget elementor-widget-text-editor\" data-id=\"40cb0cd\" data-element_type=\"widget\" data-e-type=\"widget\" data-settings=\"{&quot;drop_cap&quot;:&quot;yes&quot;}\" data-widget_type=\"text-editor.default\">\n\t\t\t\t\t\t\t\t\t<p>Diese Datenschutzrichtlinie gilt f\u00fcr die <a href=\"https:\/\/bitcointbankbreaker.pro\/de_at\/\"><b>Bitcoin Bank Breaker <\/b><\/a>(im Folgenden \u201eAnwendung\u201c genannt) f\u00fcr mobile Ger\u00e4te (im Folgenden \u201eDienstanbieter\u201c genannt) als kostenloser Dienst. Dieser Dienst ist f\u00fcr die Verwendung \u201eWIE BESEHEN\u201c vorgesehen.<\/p>\t\t\t\t\t\t\t\t<\/div>\n\t\t\t\t<div class=\"elementor-element elementor-element-1779865 elementor-widget elementor-widget-heading\" data-id=\"1779865\" data-element_type=\"widget\" data-e-type=\"widget\" data-widget_type=\"heading.default\">\n\t\t\t\t\t<h2 class=\"elementor-heading-title elementor-size-default\">Erfassung und Verwendung von Informationen\n<\/h2>\t\t\t\t<\/div>\n\t\t\t\t<div class=\"elementor-element elementor-element-f42ebc0 elementor-widget elementor-widget-text-editor\" data-id=\"f42ebc0\" data-element_type=\"widget\" data-e-type=\"widget\" data-widget_type=\"text-editor.default\">\n\t\t\t\t\t\t\t\t\t<p>Die Anwendung sammelt Informationen, wenn Sie sie herunterladen und verwenden. Diese Informationen k\u00f6nnen Informationen enthalten wie<\/p><ul><li>Die Internetprotokolladresse Ihres Ger\u00e4ts (z. B. IP-Adresse)<\/li><li>Der Zeitaufwand f\u00fcr die Bewerbung<\/li><li>Das Betriebssystem, das Sie auf Ihrem Mobilger\u00e4t verwenden<\/li><\/ul><p>Die Anwendung sammelt keine genauen Informationen \u00fcber den Standort Ihres Mobilger\u00e4ts.<\/p><p>Der Dienstanbieter kann die von Ihnen bereitgestellten Informationen verwenden, um Sie von Zeit zu Zeit zu kontaktieren und Ihnen wichtige Informationen, erforderliche Mitteilungen und Marketingaktionen zukommen zu lassen.<\/p><p>Der Dienstanbieter kann die von Ihnen bereitgestellten Informationen verwenden, um Sie von Zeit zu Zeit zu kontaktieren und Ihnen wichtige Informationen, erforderliche Mitteilungen und Marketingaktionen zukommen zu lassen.<\/p>\t\t\t\t\t\t\t\t<\/div>\n\t\t\t\t<div class=\"elementor-element elementor-element-039d9f1 elementor-widget elementor-widget-heading\" data-id=\"039d9f1\" data-element_type=\"widget\" data-e-type=\"widget\" data-widget_type=\"heading.default\">\n\t\t\t\t\t<h2 class=\"elementor-heading-title elementor-size-default\">Zugriff durch Dritte\n<\/h2>\t\t\t\t<\/div>\n\t\t\t\t<div class=\"elementor-element elementor-element-40fbfaf elementor-widget elementor-widget-text-editor\" data-id=\"40fbfaf\" data-element_type=\"widget\" data-e-type=\"widget\" data-widget_type=\"text-editor.default\">\n\t\t\t\t\t\t\t\t\t<p>Nur aggregierte, anonymisierte Daten werden regelm\u00e4\u00dfig an externe Dienste \u00fcbermittelt, um den Dienstanbieter bei der Verbesserung der Anwendung und seines Dienstes zu unterst\u00fctzen. Der Dienstanbieter kann Ihre Informationen auf die in dieser Datenschutzrichtlinie beschriebene Weise an Dritte weitergeben.<\/p><p>Bitte beachten Sie, dass die Anwendung Dienste von Drittanbietern nutzt, die ihre eigenen Datenschutzrichtlinien zum Umgang mit Daten haben. Nachfolgend finden Sie die Links zu den Datenschutzrichtlinien der von der Anwendung verwendeten Drittanbieter:<\/p><ul><li>Google Play-Dienste<\/li><\/ul><p>Der Dienstanbieter kann vom Benutzer bereitgestellte und automatisch erfasste Informationen offenlegen:<\/p><ul><li>wie gesetzlich vorgeschrieben, beispielsweise um einer Vorladung oder einem \u00e4hnlichen Rechtsverfahren nachzukommen;<\/li><li>wenn sie in gutem Glauben davon ausgehen, dass die Offenlegung zum Schutz ihrer Rechte, zum Schutz Ihrer Sicherheit oder der Sicherheit anderer, zur Untersuchung von Betrugsf\u00e4llen oder zur Beantwortung einer beh\u00f6rdlichen Anfrage erforderlich ist;<\/li><li>mit ihren vertrauensw\u00fcrdigen Dienstleistern, die in ihrem Auftrag arbeiten, keinen eigenst\u00e4ndigen Gebrauch von den Informationen machen, die wir ihnen offenlegen, und sich bereit erkl\u00e4rt haben, die in dieser Datenschutzerkl\u00e4rung dargelegten Regeln einzuhalten.<\/li><\/ul>\t\t\t\t\t\t\t\t<\/div>\n\t\t\t\t<div class=\"elementor-element elementor-element-6e86131 elementor-widget elementor-widget-heading\" data-id=\"6e86131\" data-element_type=\"widget\" data-e-type=\"widget\" data-widget_type=\"heading.default\">\n\t\t\t\t\t<h2 class=\"elementor-heading-title elementor-size-default\">Opt-Out-Rechte\n<\/h2>\t\t\t\t<\/div>\n\t\t\t\t<div class=\"elementor-element elementor-element-abeb468 elementor-widget elementor-widget-text-editor\" data-id=\"abeb468\" data-element_type=\"widget\" data-e-type=\"widget\" data-widget_type=\"text-editor.default\">\n\t\t\t\t\t\t\t\t\tSie k\u00f6nnen die Erfassung aller Informationen durch die Anwendung ganz einfach stoppen, indem Sie sie deinstallieren. Sie k\u00f6nnen die standardm\u00e4\u00dfigen Deinstallationsprozesse verwenden, die m\u00f6glicherweise als Teil Ihres Mobilger\u00e4ts oder \u00fcber den Marktplatz oder das Netzwerk f\u00fcr mobile Anwendungen verf\u00fcgbar sind.\t\t\t\t\t\t\t\t<\/div>\n\t\t\t\t<div class=\"elementor-element elementor-element-11980f1 elementor-widget elementor-widget-heading\" data-id=\"11980f1\" data-element_type=\"widget\" data-e-type=\"widget\" data-widget_type=\"heading.default\">\n\t\t\t\t\t<h2 class=\"elementor-heading-title elementor-size-default\">Richtlinie zur Datenaufbewahrung\n<\/h2>\t\t\t\t<\/div>\n\t\t\t\t<div class=\"elementor-element elementor-element-971d712 elementor-widget elementor-widget-text-editor\" data-id=\"971d712\" data-element_type=\"widget\" data-e-type=\"widget\" data-widget_type=\"text-editor.default\">\n\t\t\t\t\t\t\t\t\t<p>Der Dienstanbieter speichert vom Benutzer bereitgestellte Daten, solange Sie die Anwendung nutzen, und f\u00fcr einen angemessenen Zeitraum danach. Wenn Sie m\u00f6chten, dass der Dienstanbieter vom Benutzer bereitgestellte Daten l\u00f6scht, die Sie \u00fcber die Anwendung bereitgestellt haben, kontaktieren Sie ihn bitte unter\u00a0<a href=\"mailto:support@bitcoinbankbreaker.pro\"><strong>support@bitcoinbankbreaker.pro<\/strong><\/a>\u00a0und sie werden innerhalb einer angemessenen Zeit antworten.<\/p>\t\t\t\t\t\t\t\t<\/div>\n\t\t\t\t<div class=\"elementor-element elementor-element-5007dc2 elementor-widget elementor-widget-heading\" data-id=\"5007dc2\" data-element_type=\"widget\" data-e-type=\"widget\" data-widget_type=\"heading.default\">\n\t\t\t\t\t<h2 class=\"elementor-heading-title elementor-size-default\">Kinder\n<\/h2>\t\t\t\t<\/div>\n\t\t\t\t<div class=\"elementor-element elementor-element-cc4ea92 elementor-widget elementor-widget-text-editor\" data-id=\"cc4ea92\" data-element_type=\"widget\" data-e-type=\"widget\" data-widget_type=\"text-editor.default\">\n\t\t\t\t\t\t\t\t\t<p>Der Dienstanbieter nutzt die Anwendung nicht, um wissentlich Daten von Kindern unter 18 Jahren anzufordern oder an diese zu vermarkten.<\/p><p>The Application does not address anyone under the age of 18. The Service Provider does not knowingly collect personally identifiable information from children under 18 years of age. In the case the Service Provider discover that a child under 18 has provided personal information, the Service Provider will immediately delete this from their servers. If you are a parent or guardian and you are aware that your child has provided us with personal information, please contact the Service Provider <strong>(<a href=\"mailto:support@bitcoinbankbreaker.pro\">support@bitcoinbankbreaker.pro<\/a>)<\/strong> so that they will be able to take the necessary actions.<\/p>\t\t\t\t\t\t\t\t<\/div>\n\t\t\t\t<div class=\"elementor-element elementor-element-af15077 elementor-widget elementor-widget-heading\" data-id=\"af15077\" data-element_type=\"widget\" data-e-type=\"widget\" data-widget_type=\"heading.default\">\n\t\t\t\t\t<h2 class=\"elementor-heading-title elementor-size-default\">Sicherheit\n<\/h2>\t\t\t\t<\/div>\n\t\t\t\t<div class=\"elementor-element elementor-element-3a3e7cf elementor-widget elementor-widget-text-editor\" data-id=\"3a3e7cf\" data-element_type=\"widget\" data-e-type=\"widget\" data-widget_type=\"text-editor.default\">\n\t\t\t\t\t\t\t\t\tDer Dienstanbieter legt Wert auf die Wahrung der Vertraulichkeit Ihrer Daten. Der Dienstanbieter bietet physische, elektronische und verfahrenstechnische Sicherheitsvorkehrungen zum Schutz der von ihm verarbeiteten und verwalteten Daten.\t\t\t\t\t\t\t\t<\/div>\n\t\t\t\t<div class=\"elementor-element elementor-element-3cb0e26 elementor-widget elementor-widget-heading\" data-id=\"3cb0e26\" data-element_type=\"widget\" data-e-type=\"widget\" data-widget_type=\"heading.default\">\n\t\t\t\t\t<h2 class=\"elementor-heading-title elementor-size-default\">\u00c4nderungen<\/h2>\t\t\t\t<\/div>\n\t\t\t\t<div class=\"elementor-element elementor-element-c07b5b3 elementor-widget elementor-widget-text-editor\" data-id=\"c07b5b3\" data-element_type=\"widget\" data-e-type=\"widget\" data-widget_type=\"text-editor.default\">\n\t\t\t\t\t\t\t\t\t<p>Diese Datenschutzrichtlinie kann von Zeit zu Zeit aus beliebigen Gr\u00fcnden aktualisiert werden. Der Dienstanbieter wird Sie \u00fcber alle \u00c4nderungen der Datenschutzrichtlinie informieren, indem er diese Seite mit der neuen Datenschutzrichtlinie aktualisiert. Es wird Ihnen empfohlen, diese Datenschutzrichtlinie regelm\u00e4\u00dfig auf \u00c4nderungen zu \u00fcberpr\u00fcfen, da die fortgesetzte Nutzung als Zustimmung zu allen \u00c4nderungen gilt.<\/p><p>Diese Datenschutzrichtlinie ist g\u00fcltig ab 2024-01-01<\/p>\t\t\t\t\t\t\t\t<\/div>\n\t\t\t\t<div class=\"elementor-element elementor-element-1fda1e0 elementor-widget elementor-widget-heading\" data-id=\"1fda1e0\" data-element_type=\"widget\" data-e-type=\"widget\" data-widget_type=\"heading.default\">\n\t\t\t\t\t<h2 class=\"elementor-heading-title elementor-size-default\">Ihr Einverst\u00e4ndnis\n<\/h2>\t\t\t\t<\/div>\n\t\t\t\t<div class=\"elementor-element elementor-element-4e2608c elementor-widget elementor-widget-text-editor\" data-id=\"4e2608c\" data-element_type=\"widget\" data-e-type=\"widget\" data-widget_type=\"text-editor.default\">\n\t\t\t\t\t\t\t\t\tIndem Sie die Anwendung verwenden, stimmen Sie der Verarbeitung Ihrer Daten gem\u00e4\u00df dieser aktuellen und von uns ge\u00e4nderten Datenschutzrichtlinie zu.\t\t\t\t\t\t\t\t<\/div>\n\t\t\t\t<div class=\"elementor-element elementor-element-a12bf04 elementor-widget elementor-widget-heading\" data-id=\"a12bf04\" data-element_type=\"widget\" data-e-type=\"widget\" data-widget_type=\"heading.default\">\n\t\t\t\t\t<h2 class=\"elementor-heading-title elementor-size-default\">Kontaktieren Sie uns<\/h2>\t\t\t\t<\/div>\n\t\t\t\t<div class=\"elementor-element elementor-element-085cad4 elementor-widget elementor-widget-text-editor\" data-id=\"085cad4\" data-element_type=\"widget\" data-e-type=\"widget\" data-widget_type=\"text-editor.default\">\n\t\t\t\t\t\t\t\t\t<p>Wenn Sie Fragen zum Datenschutz bei der Nutzung der Anwendung haben oder Fragen zu den Praktiken haben, wenden Sie sich bitte per E-Mail an den Dienstanbieter unters\u00a0<strong><a href=\"mailto:support@bitcoinbankbreaker.pro\">support@bitcoinbankbreaker.pro<\/a><\/strong><\/p>\t\t\t\t\t\t\t\t<\/div>\n\t\t\t\t\t<\/div>\n\t\t<\/div>\n\t\t\t\t\t<\/div>\n\t\t<\/section>\n\t\t\t\t<\/div>","protected":false},"excerpt":{"rendered":"<p>This privacy policy applies to the Bitcoin Bank Breaker (hereby referred to as \u201cApplication\u201d) for mobile devices (hereby referred to as \u201cService Provider\u201d) as a Free service. This service is intended for use \u201cAS IS\u201d. Information Collection and Use The Application collects information when you download and use it. This information may include information such [&hellip;]<\/p>\n","protected":false},"author":1,"featured_media":0,"parent":0,"menu_order":0,"comment_status":"closed","ping_status":"closed","template":"elementor_header_footer","meta":{"nf_dc_page":"","footnotes":""},"class_list":["post-18","page","type-page","status-publish","hentry"],"_links":{"self":[{"href":"https:\/\/bitcointbankbreaker.pro\/de_at\/wp-json\/wp\/v2\/pages\/18","targetHints":{"allow":["GET"]}}],"collection":[{"href":"https:\/\/bitcointbankbreaker.pro\/de_at\/wp-json\/wp\/v2\/pages"}],"about":[{"href":"https:\/\/bitcointbankbreaker.pro\/de_at\/wp-json\/wp\/v2\/types\/page"}],"author":[{"embeddable":true,"href":"https:\/\/bitcointbankbreaker.pro\/de_at\/wp-json\/wp\/v2\/users\/1"}],"replies":[{"embeddable":true,"href":"https:\/\/bitcointbankbreaker.pro\/de_at\/wp-json\/wp\/v2\/comments?post=18"}],"version-history":[{"count":0,"href":"https:\/\/bitcointbankbreaker.pro\/de_at\/wp-json\/wp\/v2\/pages\/18\/revisions"}],"wp:attachment":[{"href":"https:\/\/bitcointbankbreaker.pro\/de_at\/wp-json\/wp\/v2\/media?parent=18"}],"curies":[{"name":"wp","href":"https:\/\/api.w.org\/{rel}","templated":true}]}}