{"id":284,"date":"2024-12-25T06:41:16","date_gmt":"2024-12-25T06:41:16","guid":{"rendered":"https:\/\/smartbitboost.site\/?page_id=284"},"modified":"2025-02-11T11:37:32","modified_gmt":"2025-02-11T11:37:32","slug":"uber-uns","status":"publish","type":"page","link":"https:\/\/bitcointbankbreaker.pro\/de\/about-us\/","title":{"rendered":"\u00dcber uns"},"content":{"rendered":"<div data-elementor-type=\"wp-page\" data-elementor-id=\"284\" class=\"elementor elementor-284\" data-elementor-post-type=\"page\">\n\t\t\t\t\t\t<section class=\"elementor-section elementor-top-section elementor-element elementor-element-77f58092 elementor-section-boxed elementor-section-height-default elementor-section-height-default\" data-id=\"77f58092\" data-element_type=\"section\" data-e-type=\"section\" data-settings=\"{&quot;background_background&quot;:&quot;classic&quot;}\">\n\t\t\t\t\t\t<div class=\"elementor-container elementor-column-gap-default\">\n\t\t\t\t\t<div class=\"elementor-column elementor-col-100 elementor-top-column elementor-element elementor-element-116b6bcb\" data-id=\"116b6bcb\" data-element_type=\"column\" data-e-type=\"column\">\n\t\t\t<div class=\"elementor-widget-wrap elementor-element-populated\">\n\t\t\t\t\t\t<div class=\"elementor-element elementor-element-9e9c938 elementor-widget elementor-widget-text-editor\" data-id=\"9e9c938\" data-element_type=\"widget\" data-e-type=\"widget\" data-widget_type=\"text-editor.default\">\n\t\t\t\t\t\t\t\t\t<p>Willkommen bei Bitcoin-Bank-Breaker, der hochmodernen Plattform f\u00fcr automatisierten Handel. Unser KI-gest\u00fctztes System soll Ihnen helfen, Ihre Gewinne zu maximieren und gleichzeitig Ihre Risiken zu minimieren. Mit einem Team aus erfahrenen H\u00e4ndlern und Entwicklern haben wir eine Plattform aufgebaut, die die neueste Technologie mit Expertenanalysen und -strategien kombiniert. Wir sind bestrebt, unseren Benutzern das bestm\u00f6gliche Handelserlebnis zu bieten und ihnen dabei zu helfen, ihre Anlageziele zu erreichen. Werden Sie noch heute Mitglied und beginnen Sie mit Bitcoin Bank Breaker wie ein Profi zu handeln.<\/p>\t\t\t\t\t\t\t\t<\/div>\n\t\t\t\t\t<\/div>\n\t\t<\/div>\n\t\t\t\t\t<\/div>\n\t\t<\/section>\n\t\t\t\t<section class=\"elementor-section elementor-top-section elementor-element elementor-element-500db96 elementor-section-content-middle elementor-section-boxed elementor-section-height-default elementor-section-height-default\" data-id=\"500db96\" data-element_type=\"section\" data-e-type=\"section\" data-settings=\"{&quot;background_background&quot;:&quot;classic&quot;}\">\n\t\t\t\t\t\t<div class=\"elementor-container elementor-column-gap-custom\">\n\t\t\t\t\t<div class=\"elementor-column elementor-col-100 elementor-top-column elementor-element elementor-element-f9eaf49\" data-id=\"f9eaf49\" data-element_type=\"column\" data-e-type=\"column\" data-settings=\"{&quot;background_background&quot;:&quot;gradient&quot;}\">\n\t\t\t<div class=\"elementor-widget-wrap elementor-element-populated\">\n\t\t\t\t\t\t<div class=\"elementor-element elementor-element-7cfb8e0 elementor-widget elementor-widget-heading\" data-id=\"7cfb8e0\" data-element_type=\"widget\" data-e-type=\"widget\" data-widget_type=\"heading.default\">\n\t\t\t\t\t<h2 class=\"elementor-heading-title elementor-size-default\">Unsere Werte<\/h2>\t\t\t\t<\/div>\n\t\t\t\t<div class=\"elementor-element elementor-element-1eb0230 elementor-widget elementor-widget-text-editor\" data-id=\"1eb0230\" data-element_type=\"widget\" data-e-type=\"widget\" data-widget_type=\"text-editor.default\">\n\t\t\t\t\t\t\t\t\t<p>Bei Bitcoin Bank Breaker basieren unsere Grundwerte auf Integrit\u00e4t, Zug\u00e4nglichkeit, Bildung, Gemeinschaft und Innovation. Wir glauben, dass wir durch die Priorisierung dieser Werte eine Plattform schaffen k\u00f6nnen, die es H\u00e4ndlern und Investoren erm\u00f6glicht, ihre finanziellen Ziele mit Zuversicht zu erreichen. Mit unserem Engagement f\u00fcr Spitzenleistungen in allem, was wir tun, streben wir st\u00e4ndig nach Verbesserung und Innovation, um in der sich st\u00e4ndig ver\u00e4ndernden Welt des Handels immer einen Schritt voraus zu sein. Werden Sie noch heute Mitglied und erleben Sie den Unterschied, den unsere Werte ausmachen.<\/p>\t\t\t\t\t\t\t\t<\/div>\n\t\t\t\t\t<\/div>\n\t\t<\/div>\n\t\t\t\t\t<\/div>\n\t\t<\/section>\n\t\t\t\t<section class=\"elementor-section elementor-top-section elementor-element elementor-element-a8b63b7 elementor-section-content-middle elementor-section-boxed elementor-section-height-default elementor-section-height-default\" data-id=\"a8b63b7\" data-element_type=\"section\" data-e-type=\"section\" data-settings=\"{&quot;background_background&quot;:&quot;classic&quot;}\">\n\t\t\t\t\t\t<div class=\"elementor-container elementor-column-gap-custom\">\n\t\t\t\t\t<div class=\"elementor-column elementor-col-100 elementor-top-column elementor-element elementor-element-ca36a43\" data-id=\"ca36a43\" data-element_type=\"column\" data-e-type=\"column\" data-settings=\"{&quot;background_background&quot;:&quot;gradient&quot;}\">\n\t\t\t<div class=\"elementor-widget-wrap elementor-element-populated\">\n\t\t\t\t\t\t<div class=\"elementor-element elementor-element-4535c7b elementor-widget elementor-widget-heading\" data-id=\"4535c7b\" data-element_type=\"widget\" data-e-type=\"widget\" data-widget_type=\"heading.default\">\n\t\t\t\t\t<h2 class=\"elementor-heading-title elementor-size-default\">Unsere Mission<\/h2>\t\t\t\t<\/div>\n\t\t\t\t<div class=\"elementor-element elementor-element-8cf2600 elementor-widget elementor-widget-text-editor\" data-id=\"8cf2600\" data-element_type=\"widget\" data-e-type=\"widget\" data-widget_type=\"text-editor.default\">\n\t\t\t\t\t\t\t\t\t<p>Unsere Mission ist es, Einzelpersonen die M\u00f6glichkeit zu geben, die Kontrolle \u00fcber ihre finanzielle Zukunft zu \u00fcbernehmen, indem wir ihnen \u00fcber eine benutzerfreundliche und innovative Handelsplattform Zugang zu den weltweiten Finanzm\u00e4rkten bieten. Wir streben danach, eine integrative und vielf\u00e4ltige Community von H\u00e4ndlern und Investoren aufzubauen, die von unseren Tools, unserer Ausbildung und unseren Ressourcen profitieren k\u00f6nnen.<\/p>\t\t\t\t\t\t\t\t<\/div>\n\t\t\t\t\t<\/div>\n\t\t<\/div>\n\t\t\t\t\t<\/div>\n\t\t<\/section>\n\t\t\t\t<\/div>","protected":false},"excerpt":{"rendered":"<p>Welcome to Bitcoin-Bank-Breaker the cutting-edge platform for automated trading. Our AI-powered system is designed to help you maximize your profits while minimizing your risks. With a team of experienced traders and developers, we\u2019ve built a platform that combines the latest technology with expert analysis and strategy. We\u2019re dedicated to providing our users with the best [&hellip;]<\/p>\n","protected":false},"author":1,"featured_media":0,"parent":0,"menu_order":0,"comment_status":"closed","ping_status":"closed","template":"elementor_header_footer","meta":{"nf_dc_page":"","footnotes":""},"class_list":["post-284","page","type-page","status-publish","hentry"],"_links":{"self":[{"href":"https:\/\/bitcointbankbreaker.pro\/de\/wp-json\/wp\/v2\/pages\/284","targetHints":{"allow":["GET"]}}],"collection":[{"href":"https:\/\/bitcointbankbreaker.pro\/de\/wp-json\/wp\/v2\/pages"}],"about":[{"href":"https:\/\/bitcointbankbreaker.pro\/de\/wp-json\/wp\/v2\/types\/page"}],"author":[{"embeddable":true,"href":"https:\/\/bitcointbankbreaker.pro\/de\/wp-json\/wp\/v2\/users\/1"}],"replies":[{"embeddable":true,"href":"https:\/\/bitcointbankbreaker.pro\/de\/wp-json\/wp\/v2\/comments?post=284"}],"version-history":[{"count":0,"href":"https:\/\/bitcointbankbreaker.pro\/de\/wp-json\/wp\/v2\/pages\/284\/revisions"}],"wp:attachment":[{"href":"https:\/\/bitcointbankbreaker.pro\/de\/wp-json\/wp\/v2\/media?parent=284"}],"curies":[{"name":"wp","href":"https:\/\/api.w.org\/{rel}","templated":true}]}}